{"id":1110,"date":"2023-09-29T15:10:19","date_gmt":"2023-09-29T20:10:19","guid":{"rendered":"https:\/\/edde.ca\/index.php\/nos-produits\/"},"modified":"2026-04-10T12:56:24","modified_gmt":"2026-04-10T17:56:24","slug":"nos-produits","status":"publish","type":"page","link":"https:\/\/edde.ca\/fr\/index.php\/nos-produits\/","title":{"rendered":"Nos Produits"},"content":{"rendered":"<div id=\"pl-gb1110-69dca3923b52a\"  class=\"panel-layout wp-block-siteorigin-panels-layout-block\" ><div id=\"pg-gb1110-69dca3923b52a-0\"  class=\"panel-grid panel-no-style\" ><div id=\"pgc-gb1110-69dca3923b52a-0-0\"  class=\"panel-grid-cell\" ><div id=\"panel-gb1110-69dca3923b52a-0-0-0\" class=\"so-panel widget widget_text panel-first-child\" data-index=\"0\" >\t\t\t<div class=\"textwidget\"><h2 data-start=\"168\" data-end=\"216\">Ingr\u00e9dients de p\u00e2tisserie de premi\u00e8re qualit\u00e9, \u00e0 usage commercial<\/h2>\n<p data-start=\"218\" data-end=\"596\">Dans le monde de la p\u00e2tisserie, des ingr\u00e9dients p\u00e2tissiers de qualit\u00e9 sup\u00e9rieure \u00e0 usage commercial sont essentiels pour obtenir des r\u00e9sultats constants et de haute qualit\u00e9. Chez P\u00e2te d&rsquo;Amandes Edde Inc., notre vaste catalogue est con\u00e7u pour aider les <a href=\"https:\/\/edde.ca\/index.php\/b2b-baking-ingredients-supplier\/baking-ingredients-for-manufacturers-and-distributors\/\">fabricants, les p\u00e2tisseries industrielles et les transformateurs de produits alimentaires<\/a> en leur offrant des ingr\u00e9dients certifi\u00e9s et fiables. Nous s\u00e9lectionnons soigneusement chaque produit pour qu&rsquo;il r\u00e9ponde \u00e0 des normes strictes de s\u00e9curit\u00e9 et de qualit\u00e9.  <\/p>\n<p data-start=\"598\" data-end=\"914\">Notre gamme comprend des ingr\u00e9dients de base tels que la p\u00e2te d&rsquo;amande, les sirops de glucose et les colorants, id\u00e9aux pour r\u00e9pondre \u00e0 une vari\u00e9t\u00e9 de besoins en mati\u00e8re de p\u00e2tisserie commerciale. De plus, chaque article est soutenu par des certifications telles que <a href=\"https:\/\/www.fssc.com\/fssc-22000\/\"><strong data-start=\"826\" data-end=\"840\">FSSC 22000<\/strong><\/a>, <a href=\"https:\/\/www.ecocert.com\/en-CA\/home\"><strong data-start=\"842\" data-end=\"853\">Ecocert<\/strong><\/a>et <a href=\"https:\/\/www.ovhkosher.ca\/\"><strong data-start=\"859\" data-end=\"869\">Pareve <\/strong><\/a>garantissant une tra\u00e7abilit\u00e9 totale et la conformit\u00e9 aux r\u00e9glementations. <\/p>\n<h3 data-start=\"916\" data-end=\"977\">D\u00e9couvrez les ingr\u00e9dients de p\u00e2tisserie de haute qualit\u00e9 pour les professionnels<\/h3>\n<p data-start=\"1057\" data-end=\"1355\">Pour favoriser la transparence et le contr\u00f4le de la qualit\u00e9, chaque liste de produits comprend des sp\u00e9cifications techniques d\u00e9taill\u00e9es, des donn\u00e9es sur la dur\u00e9e de conservation et des options d&#8217;emballage. En outre, les certificats d&rsquo;analyse (COA) et les informations nutritionnelles sont facilement accessibles, ce qui aide les professionnels \u00e0 maintenir la coh\u00e9rence des produits. <\/p>\n<p data-start=\"1357\" data-end=\"1803\">Parce que les besoins des consommateurs ne cessent d&rsquo;\u00e9voluer, nous proposons \u00e9galement des alternatives sans allerg\u00e8nes et biologiques. Si un ingr\u00e9dient sp\u00e9cifique n&rsquo;est pas r\u00e9pertori\u00e9, notre <a href=\"https:\/\/edde.ca\/fr\/index.php\/a-propos-de-nous\/\">\u00e9quipe d&rsquo;<\/a> approvisionnement est \u00e9quip\u00e9e pour trouver des solutions sur mesure qui r\u00e9pondent \u00e0 vos exigences de production uniques. Pour rester inform\u00e9 des tendances et des innovations, nous vous recommandons des sources industrielles fiables telles que <a class=\"cursor-pointer\" href=\"https:\/\/www.nutritionaloutlook.com\/\" target=\"_new\" rel=\"noopener\" data-start=\"1545\" data-end=\"1658\">Nutritional Outlook<\/a> ou <a class=\"cursor-pointer\" href=\"https:\/\/www.foodbusinessnews.net\/\" target=\"_new\" rel=\"noopener\" data-start=\"1662\" data-end=\"1734\">Food Business News<\/a>.  <\/p>\n<h3 data-start=\"1737\" data-end=\"1802\">Parcourrez d\u00e8s aujourd&rsquo;hui notre catalogue d&rsquo;ingr\u00e9dients de p\u00e2tisserie de premi\u00e8re qualit\u00e9<\/h3>\n<p data-start=\"1804\" data-end=\"2040\">Choisir P\u00e2te d&rsquo;Amande Edde Inc., c&rsquo;est avoir acc\u00e8s \u00e0 des ingr\u00e9dients de p\u00e2tisserie de qualit\u00e9 sup\u00e9rieure pour usage commercial, ainsi qu&rsquo;\u00e0 un soutien expert et \u00e0 un approvisionnement fiable. Consultez notre catalogue d\u00e8s aujourd&rsquo;hui pour d\u00e9couvrir des ingr\u00e9dients qui r\u00e9pondent aux normes les plus \u00e9lev\u00e9es en mati\u00e8re de boulangerie professionnelle. <\/p>\n<\/div>\n\t\t<\/div><div id=\"panel-gb1110-69dca3923b52a-0-0-1\" class=\"so-panel widget widget_block panel-last-child\" data-index=\"1\" ><p>            <div id=\"product_listing\" class=\"post-1110 page type-page status-publish hentry post\">\n            <div class=\"ic-catalog-container\"><p id=\"breadcrumbs\"><span><span class=\"breadcrumbs-home\"><a href=\"https:\/\/edde.ca\/fr\/\"><span>Accueil<\/span><\/a><\/span> \u00bb <span class=\"breadcrumbs-product-archive\"><a href=\"https:\/\/edde.ca\/fr\/index.php\/nos-produits\/\"><span>Nos Produits<\/span><\/a><\/span><\/span><\/p><style>.ic_spinner{background: url(https:\/\/edde.ca\/wp-admin\/images\/spinner.gif) no-repeat;}<\/style><h2 class=\"catalog-header\">Cat\u00e9gories Principales<\/h2><style>.ic_spinner{background: url(https:\/\/edde.ca\/wp-admin\/images\/spinner.gif) no-repeat;}<\/style>    <div class=\"product-subcategories responsive grid \">\n\t\t\n\n    <div class=\"archive-listing category-88 classic-grid  first\">\n        <a href=\"https:\/\/edde.ca\/fr\/index.php\/products-category\/aromes\/\">\n            <div class=\"classic-grid-image-wrapper\">\n                <div class=\"pseudo\"><\/div>\n                <div class=\"image\"><img decoding=\"async\" width=\"225\" height=\"300\" src=\"https:\/\/edde.ca\/wp-content\/uploads\/2023\/10\/Flav-Category-225x300.jpg\" class=\"classic-grid-image\" alt=\"Ar\u00f4mes\" srcset=\"https:\/\/edde.ca\/wp-content\/uploads\/2023\/10\/Flav-Category-225x300.jpg 225w, https:\/\/edde.ca\/wp-content\/uploads\/2023\/10\/Flav-Category-768x1024.jpg 768w, https:\/\/edde.ca\/wp-content\/uploads\/2023\/10\/Flav-Category.jpg 900w\" sizes=\"(max-width: 225px) 100vw, 225px\" \/><\/div>\n            <\/div>\n            <h3 class=\"product-name\">Ar\u00f4mes<\/h3>\n        <\/a>\n    <\/div>\n\n\n\n    <div class=\"archive-listing category-89 classic-grid  middle\">\n        <a href=\"https:\/\/edde.ca\/fr\/index.php\/products-category\/fondants-fr\/\">\n            <div class=\"classic-grid-image-wrapper\">\n                <div class=\"pseudo\"><\/div>\n                <div class=\"image\"><img decoding=\"async\" width=\"225\" height=\"300\" src=\"https:\/\/edde.ca\/wp-content\/uploads\/2023\/10\/Fonds-Category-225x300.jpg\" class=\"classic-grid-image\" alt=\"Fondants\" srcset=\"https:\/\/edde.ca\/wp-content\/uploads\/2023\/10\/Fonds-Category-225x300.jpg 225w, https:\/\/edde.ca\/wp-content\/uploads\/2023\/10\/Fonds-Category-768x1024.jpg 768w, https:\/\/edde.ca\/wp-content\/uploads\/2023\/10\/Fonds-Category.jpg 900w\" sizes=\"(max-width: 225px) 100vw, 225px\" \/><\/div>\n            <\/div>\n            <h3 class=\"product-name\">Fondants<\/h3>\n        <\/a>\n    <\/div>\n\n\n\n    <div class=\"archive-listing category-83 classic-grid  last\">\n        <a href=\"https:\/\/edde.ca\/fr\/index.php\/products-category\/melanges-a-patisserie\/\">\n            <div class=\"classic-grid-image-wrapper\">\n                <div class=\"pseudo\"><\/div>\n                <div class=\"image\"><img decoding=\"async\" width=\"225\" height=\"300\" src=\"https:\/\/edde.ca\/wp-content\/uploads\/2023\/10\/BMixes-Category-225x300.jpg\" class=\"classic-grid-image\" alt=\"M\u00e9langes \u00e0 Patisserie\" srcset=\"https:\/\/edde.ca\/wp-content\/uploads\/2023\/10\/BMixes-Category-225x300.jpg 225w, https:\/\/edde.ca\/wp-content\/uploads\/2023\/10\/BMixes-Category-768x1024.jpg 768w, https:\/\/edde.ca\/wp-content\/uploads\/2023\/10\/BMixes-Category.jpg 900w\" sizes=\"(max-width: 225px) 100vw, 225px\" \/><\/div>\n            <\/div>\n            <h3 class=\"product-name\">M\u00e9langes \u00e0 Patisserie<\/h3>\n        <\/a>\n    <\/div>\n\n\n\n    <div class=\"archive-listing category-90 classic-grid  first\">\n        <a href=\"https:\/\/edde.ca\/fr\/index.php\/products-category\/nappages\/\">\n            <div class=\"classic-grid-image-wrapper\">\n                <div class=\"pseudo\"><\/div>\n                <div class=\"image\"><img decoding=\"async\" width=\"225\" height=\"300\" src=\"https:\/\/edde.ca\/wp-content\/uploads\/2023\/10\/GL-Category-225x300.jpg\" class=\"classic-grid-image\" alt=\"Nappages\" srcset=\"https:\/\/edde.ca\/wp-content\/uploads\/2023\/10\/GL-Category-225x300.jpg 225w, https:\/\/edde.ca\/wp-content\/uploads\/2023\/10\/GL-Category-768x1024.jpg 768w, https:\/\/edde.ca\/wp-content\/uploads\/2023\/10\/GL-Category.jpg 900w\" sizes=\"(max-width: 225px) 100vw, 225px\" \/><\/div>\n            <\/div>\n            <h3 class=\"product-name\">Nappages<\/h3>\n        <\/a>\n    <\/div>\n\n\n\n    <div class=\"archive-listing category-81 classic-grid  middle\">\n        <a href=\"https:\/\/edde.ca\/fr\/index.php\/products-category\/pate-damandes\/\">\n            <div class=\"classic-grid-image-wrapper\">\n                <div class=\"pseudo\"><\/div>\n                <div class=\"image\"><img decoding=\"async\" width=\"225\" height=\"300\" src=\"https:\/\/edde.ca\/wp-content\/uploads\/2023\/10\/Almond-Paste-Category-225x300.jpg\" class=\"classic-grid-image\" alt=\"P\u00e2te d&#039;Amandes\" srcset=\"https:\/\/edde.ca\/wp-content\/uploads\/2023\/10\/Almond-Paste-Category-225x300.jpg 225w, https:\/\/edde.ca\/wp-content\/uploads\/2023\/10\/Almond-Paste-Category-768x1024.jpg 768w, https:\/\/edde.ca\/wp-content\/uploads\/2023\/10\/Almond-Paste-Category.jpg 900w\" sizes=\"(max-width: 225px) 100vw, 225px\" \/><\/div>\n            <\/div>\n            <h3 class=\"product-name\">P\u00e2te d&rsquo;Amandes<\/h3>\n        <\/a>\n    <\/div>\n\n\n\n    <div class=\"archive-listing category-92 classic-grid  last\">\n        <a href=\"https:\/\/edde.ca\/fr\/index.php\/products-category\/pralines-beurre-de-noix-et-cremes\/\">\n            <div class=\"classic-grid-image-wrapper\">\n                <div class=\"pseudo\"><\/div>\n                <div class=\"image\"><img decoding=\"async\" width=\"225\" height=\"300\" src=\"https:\/\/edde.ca\/wp-content\/uploads\/2023\/10\/PNC-Category-225x300.jpg\" class=\"classic-grid-image\" alt=\"Pralin\u00e9s, Beurre de Noix et Cr\u00e8mes\" srcset=\"https:\/\/edde.ca\/wp-content\/uploads\/2023\/10\/PNC-Category-225x300.jpg 225w, https:\/\/edde.ca\/wp-content\/uploads\/2023\/10\/PNC-Category-768x1024.jpg 768w, https:\/\/edde.ca\/wp-content\/uploads\/2023\/10\/PNC-Category.jpg 900w\" sizes=\"(max-width: 225px) 100vw, 225px\" \/><\/div>\n            <\/div>\n            <h3 class=\"product-name\">Pralin\u00e9s, Beurre de Noix et Cr\u00e8mes<\/h3>\n        <\/a>\n    <\/div>\n\n\n\n    <div class=\"archive-listing category-84 classic-grid  first\">\n        <a href=\"https:\/\/edde.ca\/fr\/index.php\/products-category\/remplissages\/\">\n            <div class=\"classic-grid-image-wrapper\">\n                <div class=\"pseudo\"><\/div>\n                <div class=\"image\"><img decoding=\"async\" width=\"225\" height=\"300\" src=\"https:\/\/edde.ca\/wp-content\/uploads\/2023\/10\/Fills-Category-225x300.jpg\" class=\"classic-grid-image\" alt=\"Remplissages\" srcset=\"https:\/\/edde.ca\/wp-content\/uploads\/2023\/10\/Fills-Category-225x300.jpg 225w, https:\/\/edde.ca\/wp-content\/uploads\/2023\/10\/Fills-Category-768x1024.jpg 768w, https:\/\/edde.ca\/wp-content\/uploads\/2023\/10\/Fills-Category.jpg 900w\" sizes=\"(max-width: 225px) 100vw, 225px\" \/><\/div>\n            <\/div>\n            <h3 class=\"product-name\">Remplissages<\/h3>\n        <\/a>\n    <\/div>\n\n\n\n    <div class=\"archive-listing category-93 classic-grid  middle\">\n        <a href=\"https:\/\/edde.ca\/fr\/index.php\/products-category\/tartinades\/\">\n            <div class=\"classic-grid-image-wrapper\">\n                <div class=\"pseudo\"><\/div>\n                <div class=\"image\"><img decoding=\"async\" width=\"225\" height=\"300\" src=\"https:\/\/edde.ca\/wp-content\/uploads\/2023\/10\/Spr-Category-225x300.jpg\" class=\"classic-grid-image\" alt=\"Tartinades\" srcset=\"https:\/\/edde.ca\/wp-content\/uploads\/2023\/10\/Spr-Category-225x300.jpg 225w, https:\/\/edde.ca\/wp-content\/uploads\/2023\/10\/Spr-Category-768x1024.jpg 768w, https:\/\/edde.ca\/wp-content\/uploads\/2023\/10\/Spr-Category.jpg 900w\" sizes=\"(max-width: 225px) 100vw, 225px\" \/><\/div>\n            <\/div>\n            <h3 class=\"product-name\">Tartinades<\/h3>\n        <\/a>\n    <\/div>\n\n    <\/div>\n<\/div>            <\/div>\n            <\/p>\n<\/div><\/div><\/div><\/div>\n<p><\/p>\n","protected":false},"excerpt":{"rendered":"<p>Ingr\u00e9dients de p\u00e2tisserie de premi\u00e8re qualit\u00e9, \u00e0 usage commercial Dans le monde de la p\u00e2tisserie, des ingr\u00e9dients p\u00e2tissiers de qualit\u00e9 sup\u00e9rieure \u00e0 usage commercial sont essentiels pour obtenir des r\u00e9sultats constants et de haute qualit\u00e9. Chez P\u00e2te d&rsquo;Amandes Edde Inc., notre vaste catalogue est con\u00e7u pour aider les fabricants, les p\u00e2tisseries industrielles et les transformateurs [&hellip;]<\/p>\n","protected":false},"author":5,"featured_media":0,"parent":0,"menu_order":0,"comment_status":"closed","ping_status":"closed","template":"","meta":{"footnotes":""},"class_list":["post-1110","page","type-page","status-publish","hentry","post"],"yoast_head":"<!-- This site is optimized with the Yoast SEO Premium plugin v27.3 (Yoast SEO v27.3) - https:\/\/yoast.com\/product\/yoast-seo-premium-wordpress\/ -->\n<title>Ingr\u00e9dients de p\u00e2tisserie de premi\u00e8re qualit\u00e9, \u00e0 usage commercial<\/title>\n<meta name=\"description\" content=\"Achetez des ingr\u00e9dients de p\u00e2tisserie de premi\u00e8re qualit\u00e9 \u00e0 usage commercial, auxquels les p\u00e2tissiers et les professionnels de la restauration font confiance pour leur qualit\u00e9 et leur r\u00e9gularit\u00e9.\" \/>\n<meta name=\"robots\" content=\"index, follow, max-snippet:-1, max-image-preview:large, max-video-preview:-1\" \/>\n<link rel=\"canonical\" href=\"https:\/\/edde.ca\/fr\/index.php\/nos-produits\/\" \/>\n<meta property=\"og:locale\" content=\"fr_FR\" \/>\n<meta property=\"og:type\" content=\"article\" \/>\n<meta property=\"og:title\" content=\"Nos Produits\" \/>\n<meta property=\"og:description\" content=\"Achetez des ingr\u00e9dients de p\u00e2tisserie de premi\u00e8re qualit\u00e9 \u00e0 usage commercial, auxquels les p\u00e2tissiers et les professionnels de la restauration font confiance pour leur qualit\u00e9 et leur r\u00e9gularit\u00e9.\" \/>\n<meta property=\"og:url\" content=\"https:\/\/edde.ca\/fr\/index.php\/nos-produits\/\" \/>\n<meta property=\"og:site_name\" content=\"Edde Almond Paste Inc. | P\u00e2te d&#039;Amandes Edde Inc.\" \/>\n<meta property=\"article:publisher\" content=\"https:\/\/www.facebook.com\/eddealmond\/about\/\" \/>\n<meta property=\"article:modified_time\" content=\"2026-04-10T17:56:24+00:00\" \/>\n<meta property=\"og:image\" content=\"https:\/\/edde.ca\/wp-content\/uploads\/2023\/12\/variety-baked-goods-sweet-indulgence-generated-by-ai-scaled-e1769789652191.jpg\" \/>\n\t<meta property=\"og:image:width\" content=\"1080\" \/>\n\t<meta property=\"og:image:height\" content=\"617\" \/>\n\t<meta property=\"og:image:type\" content=\"image\/jpeg\" \/>\n<meta name=\"twitter:card\" content=\"summary_large_image\" \/>\n<meta name=\"twitter:label1\" content=\"Dur\u00e9e de lecture estim\u00e9e\" \/>\n\t<meta name=\"twitter:data1\" content=\"2 minutes\" \/>\n<script type=\"application\/ld+json\" class=\"yoast-schema-graph\">{\"@context\":\"https:\\\/\\\/schema.org\",\"@graph\":[{\"@type\":\"WebPage\",\"@id\":\"https:\\\/\\\/edde.ca\\\/fr\\\/index.php\\\/nos-produits\\\/\",\"url\":\"https:\\\/\\\/edde.ca\\\/fr\\\/index.php\\\/nos-produits\\\/\",\"name\":\"Ingr\u00e9dients de p\u00e2tisserie de premi\u00e8re qualit\u00e9, \u00e0 usage commercial\",\"isPartOf\":{\"@id\":\"https:\\\/\\\/edde.ca\\\/fr\\\/#website\"},\"datePublished\":\"2023-09-29T20:10:19+00:00\",\"dateModified\":\"2026-04-10T17:56:24+00:00\",\"description\":\"Achetez des ingr\u00e9dients de p\u00e2tisserie de premi\u00e8re qualit\u00e9 \u00e0 usage commercial, auxquels les p\u00e2tissiers et les professionnels de la restauration font confiance pour leur qualit\u00e9 et leur r\u00e9gularit\u00e9.\",\"breadcrumb\":{\"@id\":\"https:\\\/\\\/edde.ca\\\/fr\\\/index.php\\\/nos-produits\\\/#breadcrumb\"},\"inLanguage\":\"fr-FR\",\"potentialAction\":[{\"@type\":\"ReadAction\",\"target\":[\"https:\\\/\\\/edde.ca\\\/fr\\\/index.php\\\/nos-produits\\\/\"]}]},{\"@type\":\"BreadcrumbList\",\"@id\":\"https:\\\/\\\/edde.ca\\\/fr\\\/index.php\\\/nos-produits\\\/#breadcrumb\",\"itemListElement\":[{\"@type\":\"ListItem\",\"position\":1,\"name\":\"Home\",\"item\":\"https:\\\/\\\/edde.ca\\\/fr\\\/index.php\\\/accueil-2\\\/\"},{\"@type\":\"ListItem\",\"position\":2,\"name\":\"Nos Produits\"}]},{\"@type\":\"WebSite\",\"@id\":\"https:\\\/\\\/edde.ca\\\/fr\\\/#website\",\"url\":\"https:\\\/\\\/edde.ca\\\/fr\\\/\",\"name\":\"Edde Almond Paste Inc. | P\u00e2te d'Amandes Edde Inc.\",\"description\":\"\",\"publisher\":{\"@id\":\"https:\\\/\\\/edde.ca\\\/fr\\\/#organization\"},\"potentialAction\":[{\"@type\":\"SearchAction\",\"target\":{\"@type\":\"EntryPoint\",\"urlTemplate\":\"https:\\\/\\\/edde.ca\\\/fr\\\/?s={search_term_string}\"},\"query-input\":{\"@type\":\"PropertyValueSpecification\",\"valueRequired\":true,\"valueName\":\"search_term_string\"}}],\"inLanguage\":\"fr-FR\"},{\"@type\":\"Organization\",\"@id\":\"https:\\\/\\\/edde.ca\\\/fr\\\/#organization\",\"name\":\"Edde Almond Paste Inc.\",\"alternateName\":\"Edde Almond Paste Inc.\",\"url\":\"https:\\\/\\\/edde.ca\\\/fr\\\/\",\"logo\":{\"@type\":\"ImageObject\",\"inLanguage\":\"fr-FR\",\"@id\":\"https:\\\/\\\/edde.ca\\\/fr\\\/#\\\/schema\\\/logo\\\/image\\\/\",\"url\":\"https:\\\/\\\/edde.ca\\\/wp-content\\\/uploads\\\/2023\\\/09\\\/Icon.png\",\"contentUrl\":\"https:\\\/\\\/edde.ca\\\/wp-content\\\/uploads\\\/2023\\\/09\\\/Icon.png\",\"width\":512,\"height\":512,\"caption\":\"Edde Almond Paste Inc.\"},\"image\":{\"@id\":\"https:\\\/\\\/edde.ca\\\/fr\\\/#\\\/schema\\\/logo\\\/image\\\/\"},\"sameAs\":[\"https:\\\/\\\/www.facebook.com\\\/eddealmond\\\/about\\\/\"],\"description\":\"Edde Almond Paste Inc. is a Canadian food manufacturing company specializing in the production of high-quality almond paste, nut-based fillings for the bakery, confectionery, and foodservice industries. With a strong focus on consistency, food safety, and product performance, Edde Almond Paste Inc. serves industrial, wholesale, and professional customers across Canada and international markets. The company is committed to meeting the highest industry standards and operates in compliance with applicable regulatory and food safety requirements. Edde Almond Paste Inc. emphasizes rigorous quality control, traceability, and reliable supply to support its customers\u2019 production needs. Its product portfolio is developed to deliver dependable texture, flavor, and functionality in a wide range of applications, including pastries, cookies, cakes, chocolates, and specialty desserts. Driven by a customer-focused approach, Edde Almond Paste Inc. collaborates closely with its partners to provide tailored solutions, responsive service, and long-term value. The company combines technical expertise with operational excellence to position itself as a trusted supplier in the nut paste and specialty ingredient sector.\",\"email\":\"info@edde.ca\",\"telephone\":\"8196693636\",\"legalName\":\"Edde Almond Paste Inc.\",\"numberOfEmployees\":{\"@type\":\"QuantitativeValue\",\"minValue\":\"11\",\"maxValue\":\"50\"}}]}<\/script>\n<!-- \/ Yoast SEO Premium plugin. -->","yoast_head_json":{"title":"Ingr\u00e9dients de p\u00e2tisserie de premi\u00e8re qualit\u00e9, \u00e0 usage commercial","description":"Achetez des ingr\u00e9dients de p\u00e2tisserie de premi\u00e8re qualit\u00e9 \u00e0 usage commercial, auxquels les p\u00e2tissiers et les professionnels de la restauration font confiance pour leur qualit\u00e9 et leur r\u00e9gularit\u00e9.","robots":{"index":"index","follow":"follow","max-snippet":"max-snippet:-1","max-image-preview":"max-image-preview:large","max-video-preview":"max-video-preview:-1"},"canonical":"https:\/\/edde.ca\/fr\/index.php\/nos-produits\/","og_locale":"fr_FR","og_type":"article","og_title":"Nos Produits","og_description":"Achetez des ingr\u00e9dients de p\u00e2tisserie de premi\u00e8re qualit\u00e9 \u00e0 usage commercial, auxquels les p\u00e2tissiers et les professionnels de la restauration font confiance pour leur qualit\u00e9 et leur r\u00e9gularit\u00e9.","og_url":"https:\/\/edde.ca\/fr\/index.php\/nos-produits\/","og_site_name":"Edde Almond Paste Inc. | P\u00e2te d&#039;Amandes Edde Inc.","article_publisher":"https:\/\/www.facebook.com\/eddealmond\/about\/","article_modified_time":"2026-04-10T17:56:24+00:00","og_image":[{"width":1080,"height":617,"url":"https:\/\/edde.ca\/wp-content\/uploads\/2023\/12\/variety-baked-goods-sweet-indulgence-generated-by-ai-scaled-e1769789652191.jpg","type":"image\/jpeg"}],"twitter_card":"summary_large_image","twitter_misc":{"Dur\u00e9e de lecture estim\u00e9e":"2 minutes"},"schema":{"@context":"https:\/\/schema.org","@graph":[{"@type":"WebPage","@id":"https:\/\/edde.ca\/fr\/index.php\/nos-produits\/","url":"https:\/\/edde.ca\/fr\/index.php\/nos-produits\/","name":"Ingr\u00e9dients de p\u00e2tisserie de premi\u00e8re qualit\u00e9, \u00e0 usage commercial","isPartOf":{"@id":"https:\/\/edde.ca\/fr\/#website"},"datePublished":"2023-09-29T20:10:19+00:00","dateModified":"2026-04-10T17:56:24+00:00","description":"Achetez des ingr\u00e9dients de p\u00e2tisserie de premi\u00e8re qualit\u00e9 \u00e0 usage commercial, auxquels les p\u00e2tissiers et les professionnels de la restauration font confiance pour leur qualit\u00e9 et leur r\u00e9gularit\u00e9.","breadcrumb":{"@id":"https:\/\/edde.ca\/fr\/index.php\/nos-produits\/#breadcrumb"},"inLanguage":"fr-FR","potentialAction":[{"@type":"ReadAction","target":["https:\/\/edde.ca\/fr\/index.php\/nos-produits\/"]}]},{"@type":"BreadcrumbList","@id":"https:\/\/edde.ca\/fr\/index.php\/nos-produits\/#breadcrumb","itemListElement":[{"@type":"ListItem","position":1,"name":"Home","item":"https:\/\/edde.ca\/fr\/index.php\/accueil-2\/"},{"@type":"ListItem","position":2,"name":"Nos Produits"}]},{"@type":"WebSite","@id":"https:\/\/edde.ca\/fr\/#website","url":"https:\/\/edde.ca\/fr\/","name":"Edde Almond Paste Inc. | P\u00e2te d'Amandes Edde Inc.","description":"","publisher":{"@id":"https:\/\/edde.ca\/fr\/#organization"},"potentialAction":[{"@type":"SearchAction","target":{"@type":"EntryPoint","urlTemplate":"https:\/\/edde.ca\/fr\/?s={search_term_string}"},"query-input":{"@type":"PropertyValueSpecification","valueRequired":true,"valueName":"search_term_string"}}],"inLanguage":"fr-FR"},{"@type":"Organization","@id":"https:\/\/edde.ca\/fr\/#organization","name":"Edde Almond Paste Inc.","alternateName":"Edde Almond Paste Inc.","url":"https:\/\/edde.ca\/fr\/","logo":{"@type":"ImageObject","inLanguage":"fr-FR","@id":"https:\/\/edde.ca\/fr\/#\/schema\/logo\/image\/","url":"https:\/\/edde.ca\/wp-content\/uploads\/2023\/09\/Icon.png","contentUrl":"https:\/\/edde.ca\/wp-content\/uploads\/2023\/09\/Icon.png","width":512,"height":512,"caption":"Edde Almond Paste Inc."},"image":{"@id":"https:\/\/edde.ca\/fr\/#\/schema\/logo\/image\/"},"sameAs":["https:\/\/www.facebook.com\/eddealmond\/about\/"],"description":"Edde Almond Paste Inc. is a Canadian food manufacturing company specializing in the production of high-quality almond paste, nut-based fillings for the bakery, confectionery, and foodservice industries. With a strong focus on consistency, food safety, and product performance, Edde Almond Paste Inc. serves industrial, wholesale, and professional customers across Canada and international markets. The company is committed to meeting the highest industry standards and operates in compliance with applicable regulatory and food safety requirements. Edde Almond Paste Inc. emphasizes rigorous quality control, traceability, and reliable supply to support its customers\u2019 production needs. Its product portfolio is developed to deliver dependable texture, flavor, and functionality in a wide range of applications, including pastries, cookies, cakes, chocolates, and specialty desserts. Driven by a customer-focused approach, Edde Almond Paste Inc. collaborates closely with its partners to provide tailored solutions, responsive service, and long-term value. The company combines technical expertise with operational excellence to position itself as a trusted supplier in the nut paste and specialty ingredient sector.","email":"info@edde.ca","telephone":"8196693636","legalName":"Edde Almond Paste Inc.","numberOfEmployees":{"@type":"QuantitativeValue","minValue":"11","maxValue":"50"}}]}},"_links":{"self":[{"href":"https:\/\/edde.ca\/fr\/index.php\/wp-json\/wp\/v2\/pages\/1110","targetHints":{"allow":["GET"]}}],"collection":[{"href":"https:\/\/edde.ca\/fr\/index.php\/wp-json\/wp\/v2\/pages"}],"about":[{"href":"https:\/\/edde.ca\/fr\/index.php\/wp-json\/wp\/v2\/types\/page"}],"author":[{"embeddable":true,"href":"https:\/\/edde.ca\/fr\/index.php\/wp-json\/wp\/v2\/users\/5"}],"replies":[{"embeddable":true,"href":"https:\/\/edde.ca\/fr\/index.php\/wp-json\/wp\/v2\/comments?post=1110"}],"version-history":[{"count":3,"href":"https:\/\/edde.ca\/fr\/index.php\/wp-json\/wp\/v2\/pages\/1110\/revisions"}],"predecessor-version":[{"id":1905,"href":"https:\/\/edde.ca\/fr\/index.php\/wp-json\/wp\/v2\/pages\/1110\/revisions\/1905"}],"wp:attachment":[{"href":"https:\/\/edde.ca\/fr\/index.php\/wp-json\/wp\/v2\/media?parent=1110"}],"curies":[{"name":"wp","href":"https:\/\/api.w.org\/{rel}","templated":true}]}}