{"id":1106,"date":"2023-09-28T10:09:29","date_gmt":"2023-09-28T15:09:29","guid":{"rendered":"https:\/\/edde.ca\/index.php\/nos-clients\/marques-privees\/"},"modified":"2026-04-10T12:55:54","modified_gmt":"2026-04-10T17:55:54","slug":"marques-privees","status":"publish","type":"page","link":"https:\/\/edde.ca\/fr\/index.php\/nos-clients\/marques-privees\/","title":{"rendered":"Marques Priv\u00e9es"},"content":{"rendered":"<div id=\"pl-gb1106-69f2a2e698a3b\"  class=\"panel-layout wp-block-siteorigin-panels-layout-block\" ><div id=\"pg-gb1106-69f2a2e698a3b-0\"  class=\"panel-grid panel-has-style\" ><div class=\"so-parallax panel-row-style panel-row-style-for-gb1106-69f2a2e698a3b-0\" ><picture class=\"ngio-picture\"><source type=\"image\/avif\" srcset=\"https:\/\/edde.ca\/wp-content\/uploads\/2023\/09\/Private-label-1.jpg.avif\"><picture class=\"ngio-picture\"><source type=\"image\/avif\" srcset=\"https:\/\/edde.ca\/wp-content\/uploads\/2023\/09\/Private-label-1.jpg.avif\"><img fetchpriority=\"high\" decoding=\"async\" width=\"1080\" height=\"608\" src=\"https:\/\/edde.ca\/wp-content\/uploads\/2023\/09\/Private-label-1.jpg\" class=\"attachment-full size-full\" alt=\"\" data-siteorigin-parallax=\"true\" loading=\"eager\" srcset=\"https:\/\/edde.ca\/wp-content\/uploads\/2023\/09\/Private-label-1.jpg 1080w, https:\/\/edde.ca\/wp-content\/uploads\/2023\/09\/Private-label-1-300x169.jpg 300w, https:\/\/edde.ca\/wp-content\/uploads\/2023\/09\/Private-label-1-1024x576.jpg 1024w, https:\/\/edde.ca\/wp-content\/uploads\/2023\/09\/Private-label-1-768x432.jpg 768w, https:\/\/edde.ca\/wp-content\/uploads\/2023\/09\/Private-label-1-1536x864.jpg 1536w, https:\/\/edde.ca\/wp-content\/uploads\/2023\/09\/Private-label-1-225x127.jpg 225w\" sizes=\"(max-width: 1080px) 100vw, 1080px\" \/><\/picture><\/picture><div id=\"pgc-gb1106-69f2a2e698a3b-0-0\"  class=\"panel-grid-cell panel-grid-cell-empty\" ><\/div><div id=\"pgc-gb1106-69f2a2e698a3b-0-1\"  class=\"panel-grid-cell\" ><div id=\"panel-gb1106-69f2a2e698a3b-0-1-0\" class=\"so-panel widget widget_sow-cta panel-first-child panel-last-child\" data-index=\"0\" ><div\n\t\t\t\n\t\t\tclass=\"so-widget-sow-cta so-widget-sow-cta-default-a23258021f70-1106\"\n\t\t\t\n\t\t><div\n\tclass=\"sow-cta-base\"\n\t>\n\t\n\t<div class=\"sow-cta-wrapper\">\n\n\t\t<div class=\"sow-cta-text\">\n\t\t\t\t\t\t\t<h4 class=\"sow-cta-title\">\n\t\t\t\t\tMarques Priv\u00e9es\t\t\t\t<\/h4>\n\t\t\t\n\t\t\t\t\t\t\t<h4 class=\"sow-cta-subtitle\">\n\t\t\t\t\tBring Your Brand to Life with Custom Bakery Solutions\t\t\t\t<\/h4>\n\t\t\t\t\t<\/div>\n\n\t\t<div\n\t\t\t\n\t\t\tclass=\"so-widget-sow-button so-widget-sow-button-flat-0473ee291939\"\n\t\t\t\n\t\t><div class=\"ow-button-base ow-button-align-center\"\n>\n\t\t\t<a\n\t\t\t\t\thref=\"https:\/\/edde.ca\/index.php\/contact-us\/\"\n\t\t\t\t\tclass=\"sowb-button ow-icon-placement-left ow-button-hover\" \t>\n\t\t<span>\n\t\t\t\n\t\t\tContact Us Today\t\t<\/span>\n\t\t\t<\/a>\n\t<\/div>\n<\/div>\n\t<\/div>\n\n\t<\/div>\n<\/div><\/div><\/div><\/div><\/div><div id=\"pg-gb1106-69f2a2e698a3b-1\"  class=\"panel-grid panel-has-style\" ><div class=\"panel-row-style panel-row-style-for-gb1106-69f2a2e698a3b-1\" ><div id=\"pgc-gb1106-69f2a2e698a3b-1-0\"  class=\"panel-grid-cell\" ><div id=\"panel-gb1106-69f2a2e698a3b-1-0-0\" class=\"so-panel widget widget_text panel-first-child panel-last-child\" data-index=\"1\" ><h3 class=\"widget-title\">Solutions cibl\u00e9es pour les Marques Priv\u00e9es<\/h3>\t\t\t<div class=\"textwidget\"><\/div>\n\t\t<\/div><\/div><div id=\"pgc-gb1106-69f2a2e698a3b-1-1\"  class=\"panel-grid-cell\" ><div id=\"panel-gb1106-69f2a2e698a3b-1-1-0\" class=\"so-panel widget widget_text panel-first-child panel-last-child\" data-index=\"2\" >\t\t\t<div class=\"textwidget\"><h3 data-start=\"433\" data-end=\"486\">Fournisseur de confiance d&rsquo;ingr\u00e9dients de p\u00e2tisseries sous marque de distributeur<\/h3>\n<p data-start=\"488\" data-end=\"821\">Chez P\u00e2te d&rsquo;Amandes Edde Inc., nous sommes fiers d&rsquo;\u00eatre un <strong data-start=\"541\" data-end=\"586\">fournisseur d&rsquo;ingr\u00e9dients de p\u00e2tisseries de marque priv\u00e9e<\/strong> pour les gammes qui cherchent \u00e0 se d\u00e9marquer sur un march\u00e9 concurrentiel. Des formulations uniques au soutien r\u00e8glementaire complet, nous vous aidons \u00e0 cr\u00e9er des produits tr\u00e8s demand\u00e9s avec des ingr\u00e9dients de la plus haute qualit\u00e9, des id\u00e9es et des recettes adapt\u00e9es \u00e0 vous. <\/p>\n<h3 data-start=\"823\" data-end=\"885\">Votre fournisseur d&rsquo;ingr\u00e9dients de p\u00e2tisseries sur mesure, pour un succ\u00e8s cl\u00e9 en main<\/h3>\n<p data-start=\"887\" data-end=\"1196\">En tant que <strong data-start=\"901\" data-end=\"938\">fournisseur fiable d&rsquo;ingr\u00e9dients de p\u00e2tisseries sur mesure<\/strong>, nous vous donnons acc\u00e8s \u00e0 des milliers de <a href=\"https:\/\/edde.ca\/index.php\/our-products\/\">produits de premi\u00e8re qualit\u00e9 &#8211; <\/a><a href=\"https:\/\/edde.ca\/fr\/index.php\/products-category\/pralines-beurre-de-noix-et-cremes\/\">beurres de<\/a> noix, <a href=\"https:\/\/edde.ca\/fr\/index.php\/products-category\/melanges-a-patisserie\/\">m\u00e9langes<\/a>, <a href=\"https:\/\/edde.ca\/fr\/index.php\/products-category\/melanges-a-patisserie\/\">garnitures<\/a> et <a href=\"https:\/\/edde.ca\/fr\/index.php\/products-category\/nappages\/\">gla\u00e7ages &#8211; obtenus <\/a>et formul\u00e9s pour r\u00e9pondre \u00e0 vos objectifs en mati\u00e8re de marques de distributeur. Avec des d\u00e9lais de livraison rapides et un acc\u00e8s rapide \u00e0 des ingr\u00e9dients exclusifs, vous obtenez ce dont vous avez besoin, quand vous en avez besoin. <\/p>\n<p data-start=\"1198\" data-end=\"1636\">Chaque commande est accompagn\u00e9e d&rsquo;une documentation r\u00e9glementaire compl\u00e8te, y compris un <strong data-start=\"1266\" data-end=\"1299\">certificat d&rsquo;analyse (COA)<\/strong> et des profils nutritionnels complets. Notre <strong data-start=\"1335\" data-end=\"1358\">suivi des codes de lot<\/strong> garantit la tra\u00e7abilit\u00e9 et permet des processus de rappel rapides en cas de besoin, ce qui permet \u00e0 vos op\u00e9rations de rester conformes et efficaces. Nous respectons strictement les normes <strong data-start=\"1504\" data-end=\"1518\">FSSC 22000<\/strong> et <a class=\"cursor-pointer\" target=\"_new\" rel=\"noopener\" data-start=\"1523\" data-end=\"1582\">Global Food Safety Initiative (GFSI)<\/a>, ce qui renforce la confiance et la s\u00e9curit\u00e9 de votre marque.  <\/p>\n<h3 data-start=\"1638\" data-end=\"1683\">L&rsquo;expertise technique au service de votre marque<\/h3>\n<p data-start=\"1685\" data-end=\"2043\">Nos clients b\u00e9n\u00e9ficient de bien plus que de simples ingr\u00e9dients. En tant que <strong data-start=\"1745\" data-end=\"1790\">fournisseur d&rsquo;ingr\u00e9dients de p\u00e2tisseries de marque priv\u00e9e<\/strong>, P\u00e2te d&rsquo;Amandes Edde Inc. offre un soutien technique direct pour tous les produits que nous fabriquons. Vous aurez \u00e9galement acc\u00e8s aux \u00e9quipes d&rsquo;experts de nos fournisseurs partenaires, ce qui garantit un d\u00e9veloppement harmonieux, une application r\u00e9ussie et une innovation conforme aux tendances actuelles du march\u00e9.  <\/p>\n<p data-start=\"2045\" data-end=\"2299\">Vous cherchez \u00e0 d\u00e9velopper votre marque avec un <strong data-start=\"2090\" data-end=\"2127\">fournisseur fiable d&rsquo;ingr\u00e9dients de p\u00e2tisseries sur mesure<\/strong>? Renseignez-vous sur la <a class=\"cursor-pointer\" target=\"_new\" rel=\"noopener\" data-start=\"2146\" data-end=\"2200\">certification FSSC 22000<\/a> ou <a class=\"cursor-pointer\" target=\"_new\" rel=\"noopener\" data-start=\"2204\" data-end=\"2245\">contactez-nous<\/a> d\u00e8s aujourd&rsquo;hui pour b\u00e9n\u00e9ficier de nos services de marque priv\u00e9e. <\/p>\n<\/div>\n\t\t<\/div><\/div><\/div><\/div><\/div>","protected":false},"excerpt":{"rendered":"<p>Fournisseur de confiance d&rsquo;ingr\u00e9dients de p\u00e2tisseries sous marque de distributeur Chez P\u00e2te d&rsquo;Amandes Edde Inc., nous sommes fiers d&rsquo;\u00eatre un fournisseur d&rsquo;ingr\u00e9dients de p\u00e2tisseries de marque priv\u00e9e pour les gammes qui cherchent \u00e0 se d\u00e9marquer sur un march\u00e9 concurrentiel. Des formulations uniques au soutien r\u00e8glementaire complet, nous vous aidons \u00e0 cr\u00e9er des produits tr\u00e8s demand\u00e9s [&hellip;]<\/p>\n","protected":false},"author":5,"featured_media":0,"parent":1082,"menu_order":0,"comment_status":"closed","ping_status":"closed","template":"","meta":{"footnotes":""},"class_list":["post-1106","page","type-page","status-publish","hentry","post"],"yoast_head":"<!-- This site is optimized with the Yoast SEO Premium plugin v27.4 (Yoast SEO v27.5) - https:\/\/yoast.com\/product\/yoast-seo-premium-wordpress\/ -->\n<title>Fournisseur d&#039;ingr\u00e9dients de p\u00e2tisseries sous marque de distributeur<\/title>\n<meta name=\"description\" content=\"Fournisseur de confiance d&#039;ingr\u00e9dients de p\u00e2tisseries sous marque de distributeur offrant des produits personnalis\u00e9s et des solutions cl\u00e9s en main pour votre marque.\" \/>\n<meta name=\"robots\" content=\"index, follow, max-snippet:-1, max-image-preview:large, max-video-preview:-1\" \/>\n<link rel=\"canonical\" href=\"https:\/\/edde.ca\/fr\/index.php\/nos-clients\/marques-privees\/\" \/>\n<meta property=\"og:locale\" content=\"fr_FR\" \/>\n<meta property=\"og:type\" content=\"article\" \/>\n<meta property=\"og:title\" content=\"Marques Priv\u00e9es\" \/>\n<meta property=\"og:description\" content=\"Fournisseur de confiance d&#039;ingr\u00e9dients de p\u00e2tisseries sous marque de distributeur offrant des produits personnalis\u00e9s et des solutions cl\u00e9s en main pour votre marque.\" \/>\n<meta property=\"og:url\" content=\"https:\/\/edde.ca\/fr\/index.php\/nos-clients\/marques-privees\/\" \/>\n<meta property=\"og:site_name\" content=\"Edde Almond Paste Inc. | P\u00e2te d&#039;Amandes Edde Inc.\" \/>\n<meta property=\"article:publisher\" content=\"https:\/\/www.facebook.com\/eddealmond\/about\/\" \/>\n<meta property=\"article:modified_time\" content=\"2026-04-10T17:55:54+00:00\" \/>\n<meta property=\"og:image\" content=\"https:\/\/edde.ca\/wp-content\/uploads\/2023\/12\/variety-baked-goods-sweet-indulgence-generated-by-ai-scaled-e1769789652191.jpg\" \/>\n\t<meta property=\"og:image:width\" content=\"1080\" \/>\n\t<meta property=\"og:image:height\" content=\"617\" \/>\n\t<meta property=\"og:image:type\" content=\"image\/jpeg\" \/>\n<meta name=\"twitter:card\" content=\"summary_large_image\" \/>\n<script type=\"application\/ld+json\" class=\"yoast-schema-graph\">{\"@context\":\"https:\\\/\\\/schema.org\",\"@graph\":[{\"@type\":\"WebPage\",\"@id\":\"https:\\\/\\\/edde.ca\\\/fr\\\/index.php\\\/nos-clients\\\/marques-privees\\\/\",\"url\":\"https:\\\/\\\/edde.ca\\\/fr\\\/index.php\\\/nos-clients\\\/marques-privees\\\/\",\"name\":\"Fournisseur d'ingr\u00e9dients de p\u00e2tisseries sous marque de distributeur\",\"isPartOf\":{\"@id\":\"https:\\\/\\\/edde.ca\\\/fr\\\/#website\"},\"datePublished\":\"2023-09-28T15:09:29+00:00\",\"dateModified\":\"2026-04-10T17:55:54+00:00\",\"description\":\"Fournisseur de confiance d'ingr\u00e9dients de p\u00e2tisseries sous marque de distributeur offrant des produits personnalis\u00e9s et des solutions cl\u00e9s en main pour votre marque.\",\"breadcrumb\":{\"@id\":\"https:\\\/\\\/edde.ca\\\/fr\\\/index.php\\\/nos-clients\\\/marques-privees\\\/#breadcrumb\"},\"inLanguage\":\"fr-FR\",\"potentialAction\":[{\"@type\":\"ReadAction\",\"target\":[\"https:\\\/\\\/edde.ca\\\/fr\\\/index.php\\\/nos-clients\\\/marques-privees\\\/\"]}]},{\"@type\":\"BreadcrumbList\",\"@id\":\"https:\\\/\\\/edde.ca\\\/fr\\\/index.php\\\/nos-clients\\\/marques-privees\\\/#breadcrumb\",\"itemListElement\":[{\"@type\":\"ListItem\",\"position\":1,\"name\":\"Home\",\"item\":\"https:\\\/\\\/edde.ca\\\/fr\\\/index.php\\\/accueil-2\\\/\"},{\"@type\":\"ListItem\",\"position\":2,\"name\":\"Nos Clients\",\"item\":\"https:\\\/\\\/edde.ca\\\/fr\\\/index.php\\\/nos-clients\\\/\"},{\"@type\":\"ListItem\",\"position\":3,\"name\":\"Marques Priv\u00e9es\"}]},{\"@type\":\"WebSite\",\"@id\":\"https:\\\/\\\/edde.ca\\\/fr\\\/#website\",\"url\":\"https:\\\/\\\/edde.ca\\\/fr\\\/\",\"name\":\"Edde Almond Paste Inc. | P\u00e2te d'Amandes Edde Inc.\",\"description\":\"\",\"publisher\":{\"@id\":\"https:\\\/\\\/edde.ca\\\/fr\\\/#organization\"},\"potentialAction\":[{\"@type\":\"SearchAction\",\"target\":{\"@type\":\"EntryPoint\",\"urlTemplate\":\"https:\\\/\\\/edde.ca\\\/fr\\\/?s={search_term_string}\"},\"query-input\":{\"@type\":\"PropertyValueSpecification\",\"valueRequired\":true,\"valueName\":\"search_term_string\"}}],\"inLanguage\":\"fr-FR\"},{\"@type\":\"Organization\",\"@id\":\"https:\\\/\\\/edde.ca\\\/fr\\\/#organization\",\"name\":\"Edde Almond Paste Inc.\",\"alternateName\":\"Edde Almond Paste Inc.\",\"url\":\"https:\\\/\\\/edde.ca\\\/fr\\\/\",\"logo\":{\"@type\":\"ImageObject\",\"inLanguage\":\"fr-FR\",\"@id\":\"https:\\\/\\\/edde.ca\\\/fr\\\/#\\\/schema\\\/logo\\\/image\\\/\",\"url\":\"https:\\\/\\\/edde.ca\\\/wp-content\\\/uploads\\\/2023\\\/09\\\/Icon.png\",\"contentUrl\":\"https:\\\/\\\/edde.ca\\\/wp-content\\\/uploads\\\/2023\\\/09\\\/Icon.png\",\"width\":512,\"height\":512,\"caption\":\"Edde Almond Paste Inc.\"},\"image\":{\"@id\":\"https:\\\/\\\/edde.ca\\\/fr\\\/#\\\/schema\\\/logo\\\/image\\\/\"},\"sameAs\":[\"https:\\\/\\\/www.facebook.com\\\/eddealmond\\\/about\\\/\"],\"description\":\"Edde Almond Paste Inc. is a Canadian food manufacturing company specializing in the production of high-quality almond paste, nut-based fillings for the bakery, confectionery, and foodservice industries. With a strong focus on consistency, food safety, and product performance, Edde Almond Paste Inc. serves industrial, wholesale, and professional customers across Canada and international markets. The company is committed to meeting the highest industry standards and operates in compliance with applicable regulatory and food safety requirements. Edde Almond Paste Inc. emphasizes rigorous quality control, traceability, and reliable supply to support its customers\u2019 production needs. Its product portfolio is developed to deliver dependable texture, flavor, and functionality in a wide range of applications, including pastries, cookies, cakes, chocolates, and specialty desserts. Driven by a customer-focused approach, Edde Almond Paste Inc. collaborates closely with its partners to provide tailored solutions, responsive service, and long-term value. The company combines technical expertise with operational excellence to position itself as a trusted supplier in the nut paste and specialty ingredient sector.\",\"email\":\"info@edde.ca\",\"telephone\":\"8196693636\",\"legalName\":\"Edde Almond Paste Inc.\",\"numberOfEmployees\":{\"@type\":\"QuantitativeValue\",\"minValue\":\"11\",\"maxValue\":\"50\"}}]}<\/script>\n<!-- \/ Yoast SEO Premium plugin. -->","yoast_head_json":{"title":"Fournisseur d'ingr\u00e9dients de p\u00e2tisseries sous marque de distributeur","description":"Fournisseur de confiance d'ingr\u00e9dients de p\u00e2tisseries sous marque de distributeur offrant des produits personnalis\u00e9s et des solutions cl\u00e9s en main pour votre marque.","robots":{"index":"index","follow":"follow","max-snippet":"max-snippet:-1","max-image-preview":"max-image-preview:large","max-video-preview":"max-video-preview:-1"},"canonical":"https:\/\/edde.ca\/fr\/index.php\/nos-clients\/marques-privees\/","og_locale":"fr_FR","og_type":"article","og_title":"Marques Priv\u00e9es","og_description":"Fournisseur de confiance d'ingr\u00e9dients de p\u00e2tisseries sous marque de distributeur offrant des produits personnalis\u00e9s et des solutions cl\u00e9s en main pour votre marque.","og_url":"https:\/\/edde.ca\/fr\/index.php\/nos-clients\/marques-privees\/","og_site_name":"Edde Almond Paste Inc. | P\u00e2te d&#039;Amandes Edde Inc.","article_publisher":"https:\/\/www.facebook.com\/eddealmond\/about\/","article_modified_time":"2026-04-10T17:55:54+00:00","og_image":[{"width":1080,"height":617,"url":"https:\/\/edde.ca\/wp-content\/uploads\/2023\/12\/variety-baked-goods-sweet-indulgence-generated-by-ai-scaled-e1769789652191.jpg","type":"image\/jpeg"}],"twitter_card":"summary_large_image","schema":{"@context":"https:\/\/schema.org","@graph":[{"@type":"WebPage","@id":"https:\/\/edde.ca\/fr\/index.php\/nos-clients\/marques-privees\/","url":"https:\/\/edde.ca\/fr\/index.php\/nos-clients\/marques-privees\/","name":"Fournisseur d'ingr\u00e9dients de p\u00e2tisseries sous marque de distributeur","isPartOf":{"@id":"https:\/\/edde.ca\/fr\/#website"},"datePublished":"2023-09-28T15:09:29+00:00","dateModified":"2026-04-10T17:55:54+00:00","description":"Fournisseur de confiance d'ingr\u00e9dients de p\u00e2tisseries sous marque de distributeur offrant des produits personnalis\u00e9s et des solutions cl\u00e9s en main pour votre marque.","breadcrumb":{"@id":"https:\/\/edde.ca\/fr\/index.php\/nos-clients\/marques-privees\/#breadcrumb"},"inLanguage":"fr-FR","potentialAction":[{"@type":"ReadAction","target":["https:\/\/edde.ca\/fr\/index.php\/nos-clients\/marques-privees\/"]}]},{"@type":"BreadcrumbList","@id":"https:\/\/edde.ca\/fr\/index.php\/nos-clients\/marques-privees\/#breadcrumb","itemListElement":[{"@type":"ListItem","position":1,"name":"Home","item":"https:\/\/edde.ca\/fr\/index.php\/accueil-2\/"},{"@type":"ListItem","position":2,"name":"Nos Clients","item":"https:\/\/edde.ca\/fr\/index.php\/nos-clients\/"},{"@type":"ListItem","position":3,"name":"Marques Priv\u00e9es"}]},{"@type":"WebSite","@id":"https:\/\/edde.ca\/fr\/#website","url":"https:\/\/edde.ca\/fr\/","name":"Edde Almond Paste Inc. | P\u00e2te d'Amandes Edde Inc.","description":"","publisher":{"@id":"https:\/\/edde.ca\/fr\/#organization"},"potentialAction":[{"@type":"SearchAction","target":{"@type":"EntryPoint","urlTemplate":"https:\/\/edde.ca\/fr\/?s={search_term_string}"},"query-input":{"@type":"PropertyValueSpecification","valueRequired":true,"valueName":"search_term_string"}}],"inLanguage":"fr-FR"},{"@type":"Organization","@id":"https:\/\/edde.ca\/fr\/#organization","name":"Edde Almond Paste Inc.","alternateName":"Edde Almond Paste Inc.","url":"https:\/\/edde.ca\/fr\/","logo":{"@type":"ImageObject","inLanguage":"fr-FR","@id":"https:\/\/edde.ca\/fr\/#\/schema\/logo\/image\/","url":"https:\/\/edde.ca\/wp-content\/uploads\/2023\/09\/Icon.png","contentUrl":"https:\/\/edde.ca\/wp-content\/uploads\/2023\/09\/Icon.png","width":512,"height":512,"caption":"Edde Almond Paste Inc."},"image":{"@id":"https:\/\/edde.ca\/fr\/#\/schema\/logo\/image\/"},"sameAs":["https:\/\/www.facebook.com\/eddealmond\/about\/"],"description":"Edde Almond Paste Inc. is a Canadian food manufacturing company specializing in the production of high-quality almond paste, nut-based fillings for the bakery, confectionery, and foodservice industries. With a strong focus on consistency, food safety, and product performance, Edde Almond Paste Inc. serves industrial, wholesale, and professional customers across Canada and international markets. The company is committed to meeting the highest industry standards and operates in compliance with applicable regulatory and food safety requirements. Edde Almond Paste Inc. emphasizes rigorous quality control, traceability, and reliable supply to support its customers\u2019 production needs. Its product portfolio is developed to deliver dependable texture, flavor, and functionality in a wide range of applications, including pastries, cookies, cakes, chocolates, and specialty desserts. Driven by a customer-focused approach, Edde Almond Paste Inc. collaborates closely with its partners to provide tailored solutions, responsive service, and long-term value. The company combines technical expertise with operational excellence to position itself as a trusted supplier in the nut paste and specialty ingredient sector.","email":"info@edde.ca","telephone":"8196693636","legalName":"Edde Almond Paste Inc.","numberOfEmployees":{"@type":"QuantitativeValue","minValue":"11","maxValue":"50"}}]}},"_links":{"self":[{"href":"https:\/\/edde.ca\/fr\/index.php\/wp-json\/wp\/v2\/pages\/1106","targetHints":{"allow":["GET"]}}],"collection":[{"href":"https:\/\/edde.ca\/fr\/index.php\/wp-json\/wp\/v2\/pages"}],"about":[{"href":"https:\/\/edde.ca\/fr\/index.php\/wp-json\/wp\/v2\/types\/page"}],"author":[{"embeddable":true,"href":"https:\/\/edde.ca\/fr\/index.php\/wp-json\/wp\/v2\/users\/5"}],"replies":[{"embeddable":true,"href":"https:\/\/edde.ca\/fr\/index.php\/wp-json\/wp\/v2\/comments?post=1106"}],"version-history":[{"count":0,"href":"https:\/\/edde.ca\/fr\/index.php\/wp-json\/wp\/v2\/pages\/1106\/revisions"}],"up":[{"embeddable":true,"href":"https:\/\/edde.ca\/fr\/index.php\/wp-json\/wp\/v2\/pages\/1082"}],"wp:attachment":[{"href":"https:\/\/edde.ca\/fr\/index.php\/wp-json\/wp\/v2\/media?parent=1106"}],"curies":[{"name":"wp","href":"https:\/\/api.w.org\/{rel}","templated":true}]}}