{"id":1089,"date":"2023-09-27T15:52:24","date_gmt":"2023-09-27T20:52:24","guid":{"rendered":"https:\/\/edde.ca\/index.php\/nos-clients\/distributeurs-et-fabriquants\/"},"modified":"2026-04-10T12:55:16","modified_gmt":"2026-04-10T17:55:16","slug":"distributeurs-et-fabriquants","status":"publish","type":"page","link":"https:\/\/edde.ca\/fr\/index.php\/nos-clients\/distributeurs-et-fabriquants\/","title":{"rendered":"Distributeurs et Fabriquants"},"content":{"rendered":"<div id=\"pl-gb1089-69f927fdaaa8c\"  class=\"panel-layout wp-block-siteorigin-panels-layout-block\" ><div id=\"pg-gb1089-69f927fdaaa8c-0\"  class=\"panel-grid panel-has-style\" ><div class=\"panel-row-style panel-row-style-for-gb1089-69f927fdaaa8c-0\" ><div id=\"pgc-gb1089-69f927fdaaa8c-0-0\"  class=\"panel-grid-cell panel-grid-cell-mobile-last\" ><div id=\"panel-gb1089-69f927fdaaa8c-0-0-0\" class=\"so-panel widget widget_sow-cta panel-first-child panel-last-child\" data-index=\"0\" ><div\n\t\t\t\n\t\t\tclass=\"so-widget-sow-cta so-widget-sow-cta-default-a23258021f70-1089\"\n\t\t\t\n\t\t><div\n\tclass=\"sow-cta-base\"\n\t>\n\t\n\t<div class=\"sow-cta-wrapper\">\n\n\t\t<div class=\"sow-cta-text\">\n\t\t\t\t\t\t\t<h4 class=\"sow-cta-title\">\n\t\t\t\t\tDistributeurs et Fabriquants\t\t\t\t<\/h4>\n\t\t\t\n\t\t\t\t\t\t\t<h4 class=\"sow-cta-subtitle\">\n\t\t\t\t\tFrom warehouse to production line, we support distributors and manufacturers with reliable, certified ingredients.\t\t\t\t<\/h4>\n\t\t\t\t\t<\/div>\n\n\t\t<div\n\t\t\t\n\t\t\tclass=\"so-widget-sow-button so-widget-sow-button-flat-0473ee291939\"\n\t\t\t\n\t\t><div class=\"ow-button-base ow-button-align-center\"\n>\n\t\t\t<a\n\t\t\t\t\thref=\"https:\/\/edde.ca\/index.php\/contact-us\/\"\n\t\t\t\t\tclass=\"sowb-button ow-icon-placement-left ow-button-hover\" \t>\n\t\t<span>\n\t\t\t\n\t\t\tContact Us Today\t\t<\/span>\n\t\t\t<\/a>\n\t<\/div>\n<\/div>\n\t<\/div>\n\n\t<\/div>\n<\/div><\/div><\/div><div id=\"pgc-gb1089-69f927fdaaa8c-0-1\"  class=\"panel-grid-cell panel-grid-cell-empty\" ><\/div><\/div><\/div><div id=\"pg-gb1089-69f927fdaaa8c-1\"  class=\"panel-grid panel-has-style\" ><div class=\"panel-row-style panel-row-style-for-gb1089-69f927fdaaa8c-1\" ><div id=\"pgc-gb1089-69f927fdaaa8c-1-0\"  class=\"panel-grid-cell\" ><div id=\"panel-gb1089-69f927fdaaa8c-1-0-0\" class=\"so-panel widget widget_text panel-first-child panel-last-child\" data-index=\"1\" ><h3 class=\"widget-title\">Solutions cibl\u00e9es pour les Distributeurs et les Fabricants<\/h3>\t\t\t<div class=\"textwidget\"><\/div>\n\t\t<\/div><\/div><div id=\"pgc-gb1089-69f927fdaaa8c-1-1\"  class=\"panel-grid-cell\" ><div id=\"panel-gb1089-69f927fdaaa8c-1-1-0\" class=\"so-panel widget widget_text panel-first-child panel-last-child\" data-index=\"2\" >\t\t\t<div class=\"textwidget\"><p data-start=\"537\" data-end=\"623\"><strong data-start=\"537\" data-end=\"623\">Source fiable d&rsquo;ingr\u00e9dients de p\u00e2tisserie industrielle pour les fabricants et les distributeurs<\/strong><\/p>\n<p data-start=\"625\" data-end=\"926\">Chez P\u00e2te d&rsquo;Amandes Edde Inc., nous nous sp\u00e9cialisons dans la fourniture d&rsquo;<strong data-start=\"680\" data-end=\"748\">ingr\u00e9dients de p\u00e2tisseries industrielle aux fabricants et aux distributeurs<\/strong> de toute l&rsquo;Am\u00e9rique du Nord. Notre objectif est de contribuer \u00e0 votre succ\u00e8s gr\u00e2ce \u00e0 des formulations de qualit\u00e9, des id\u00e9es novatrices et des cha\u00eenes d&rsquo;approvisionnement fiables adapt\u00e9es aux op\u00e9rations de boulangerie \u00e0 grande \u00e9chelle. <\/p>\n<p data-start=\"928\" data-end=\"1318\">En tant que <strong data-start=\"943\" data-end=\"1009\">fabricants exp\u00e9riment\u00e9s d&rsquo;ingr\u00e9dients de p\u00e2tisseries pour la production \u00e0 grande \u00e9chelle<\/strong>, nous comprenons les exigences rapides de la p\u00e2tisseries commerciale. C&rsquo;est pourquoi nous garantissons une qualit\u00e9 constante, la tra\u00e7abilit\u00e9 des lots et une documentation r\u00e9glementaire compl\u00e8te pour chaque commande. De plus, notre <a href=\"https:\/\/edde.ca\/index.php\/our-products\/\">large s\u00e9lection<\/a> d&rsquo;<strong data-start=\"1214\" data-end=\"1247\">ingr\u00e9dients de p\u00e2tisserie industrielle<\/strong> est con\u00e7ue pour r\u00e9pondre aux besoins des boulangeries traditionnelles et modernes.  <\/p>\n<p data-start=\"1320\" data-end=\"1375\"><strong data-start=\"1320\" data-end=\"1375\">Conformit\u00e9 totale et assistance technique en toute confiance<\/strong><\/p>\n<p data-start=\"1377\" data-end=\"1706\">Nous ne nous contentons pas de fournir des ingr\u00e9dients, nous vous offrons une assistance compl\u00e8te. Chaque commande est accompagn\u00e9e de documents de conformit\u00e9, tels que des certificats d&rsquo;analyse (COA) et des informations nutritionnelles d\u00e9taill\u00e9es. En outre, notre syst\u00e8me de suivi des lots permet des proc\u00e9dures de rappel rapides et efficaces. Les <strong data-start=\"1657\" data-end=\"1691\">fabricants et les distributeurs<\/strong> ont ainsi l&rsquo;esprit tranquille.   <\/p>\n<p data-start=\"1708\" data-end=\"2022\">Le temps \u00e9tant un facteur critique, nous veillons \u00e0 ce que les d\u00e9lais de livraison soient courts et nous pouvons nous procurer rapidement des mati\u00e8res premi\u00e8res sp\u00e9cialis\u00e9es. En outre, notre \u00e9quipe technique sp\u00e9cialis\u00e9e est pr\u00eate \u00e0 vous aider pour les applications, le d\u00e9pannage et le d\u00e9veloppement de nouveaux produits. Nous offrons m\u00eame un acc\u00e8s direct aux experts de nos partenaires fournisseurs pour renforcer votre processus.  <\/p>\n<p data-start=\"2024\" data-end=\"2233\">Pour en savoir plus sur les normes mondiales de s\u00e9curit\u00e9 alimentaire, visitez le site de la <a class=\"cursor-pointer\" href=\"https:\/\/mygfsi.com\/\" target=\"_new\" rel=\"noopener\" data-start=\"2084\" data-end=\"2142\">Global Food Safety Initiative (GFSI)<\/a> ou d\u00e9couvrez la <a class=\"cursor-pointer\" href=\"https:\/\/www.fssc.com\/fssc-22000\/\" target=\"_new\" rel=\"noopener\" data-start=\"2158\" data-end=\"2212\">certification FSSC 22000<\/a> que nous sommes fiers de d\u00e9tenir.<\/p>\n<p data-start=\"2235\" data-end=\"2292\"><strong data-start=\"2235\" data-end=\"2292\">Partenariat avec des experts en ingr\u00e9dients de boulangerie industrielle<\/strong><\/p>\n<p data-start=\"2294\" data-end=\"2623\">En choisissant Edde Almond Paste Inc, vous travaillez avec l&rsquo;un des <strong data-start=\"2374\" data-end=\"2440\">fabricants<\/strong> les plus fiables <strong data-start=\"2374\" data-end=\"2440\">d&rsquo;ingr\u00e9dients de boulangerie pour la production \u00e0 grande \u00e9chelle<\/strong>. Notre exp\u00e9rience en mati\u00e8re d&rsquo;<strong data-start=\"2462\" data-end=\"2530\">ingr\u00e9dients de boulangerie industrielle pour les fabricants et les distributeurs<\/strong> garantit que vos op\u00e9rations restent efficaces et conformes, tout en restant \u00e0 l&rsquo;avant-garde des tendances de consommation. <\/p>\n<p data-start=\"2625\" data-end=\"2710\">D\u00e9veloppons ensemble. <a class=\"cursor-pointer\" href=\"https:\/\/edde.ca\/index.php\/contact-us\/\" rel=\"noopener\" data-start=\"2647\" data-end=\"2688\">Contactez-nous<\/a> d\u00e8s aujourd&rsquo;hui pour commencer.<\/p>\n<\/div>\n\t\t<\/div><\/div><\/div><\/div><\/div>\n<p><\/p>\n","protected":false},"excerpt":{"rendered":"<p>Source fiable d&rsquo;ingr\u00e9dients de p\u00e2tisserie industrielle pour les fabricants et les distributeurs Chez P\u00e2te d&rsquo;Amandes Edde Inc., nous nous sp\u00e9cialisons dans la fourniture d&rsquo;ingr\u00e9dients de p\u00e2tisseries industrielle aux fabricants et aux distributeurs de toute l&rsquo;Am\u00e9rique du Nord. Notre objectif est de contribuer \u00e0 votre succ\u00e8s gr\u00e2ce \u00e0 des formulations de qualit\u00e9, des id\u00e9es novatrices et [&hellip;]<\/p>\n","protected":false},"author":5,"featured_media":0,"parent":1082,"menu_order":0,"comment_status":"closed","ping_status":"closed","template":"","meta":{"footnotes":""},"class_list":["post-1089","page","type-page","status-publish","hentry","post"],"yoast_head":"<!-- This site is optimized with the Yoast SEO Premium plugin v27.4 (Yoast SEO v27.5) - https:\/\/yoast.com\/product\/yoast-seo-premium-wordpress\/ -->\n<title>Ingr\u00e9dients de boulangerie industrielle pour les fabricants et les distributeurs<\/title>\n<meta name=\"description\" content=\"Vente en gros d&#039;ingr\u00e9dients de boulangerie pour les distributeurs et les fabricants. Fournisseur de confiance de produits de qualit\u00e9 et d&#039;assistance.\" \/>\n<meta name=\"robots\" content=\"index, follow, max-snippet:-1, max-image-preview:large, max-video-preview:-1\" \/>\n<link rel=\"canonical\" href=\"https:\/\/edde.ca\/fr\/index.php\/nos-clients\/distributeurs-et-fabriquants\/\" \/>\n<meta property=\"og:locale\" content=\"fr_FR\" \/>\n<meta property=\"og:type\" content=\"article\" \/>\n<meta property=\"og:title\" content=\"Distributeurs et Fabriquants\" \/>\n<meta property=\"og:description\" content=\"Vente en gros d&#039;ingr\u00e9dients de boulangerie pour les distributeurs et les fabricants. Fournisseur de confiance de produits de qualit\u00e9 et d&#039;assistance.\" \/>\n<meta property=\"og:url\" content=\"https:\/\/edde.ca\/fr\/index.php\/nos-clients\/distributeurs-et-fabriquants\/\" \/>\n<meta property=\"og:site_name\" content=\"Edde Almond Paste Inc. | P\u00e2te d&#039;Amandes Edde Inc.\" \/>\n<meta property=\"article:publisher\" content=\"https:\/\/www.facebook.com\/eddealmond\/about\/\" \/>\n<meta property=\"article:modified_time\" content=\"2026-04-10T17:55:16+00:00\" \/>\n<meta property=\"og:image\" content=\"https:\/\/edde.ca\/wp-content\/uploads\/2023\/12\/variety-baked-goods-sweet-indulgence-generated-by-ai-scaled-e1769789652191.jpg\" \/>\n\t<meta property=\"og:image:width\" content=\"1080\" \/>\n\t<meta property=\"og:image:height\" content=\"617\" \/>\n\t<meta property=\"og:image:type\" content=\"image\/jpeg\" \/>\n<meta name=\"twitter:card\" content=\"summary_large_image\" \/>\n<script type=\"application\/ld+json\" class=\"yoast-schema-graph\">{\"@context\":\"https:\\\/\\\/schema.org\",\"@graph\":[{\"@type\":\"WebPage\",\"@id\":\"https:\\\/\\\/edde.ca\\\/fr\\\/index.php\\\/nos-clients\\\/distributeurs-et-fabriquants\\\/\",\"url\":\"https:\\\/\\\/edde.ca\\\/fr\\\/index.php\\\/nos-clients\\\/distributeurs-et-fabriquants\\\/\",\"name\":\"Ingr\u00e9dients de boulangerie industrielle pour les fabricants et les distributeurs\",\"isPartOf\":{\"@id\":\"https:\\\/\\\/edde.ca\\\/fr\\\/#website\"},\"datePublished\":\"2023-09-27T20:52:24+00:00\",\"dateModified\":\"2026-04-10T17:55:16+00:00\",\"description\":\"Vente en gros d'ingr\u00e9dients de boulangerie pour les distributeurs et les fabricants. Fournisseur de confiance de produits de qualit\u00e9 et d'assistance.\",\"breadcrumb\":{\"@id\":\"https:\\\/\\\/edde.ca\\\/fr\\\/index.php\\\/nos-clients\\\/distributeurs-et-fabriquants\\\/#breadcrumb\"},\"inLanguage\":\"fr-FR\",\"potentialAction\":[{\"@type\":\"ReadAction\",\"target\":[\"https:\\\/\\\/edde.ca\\\/fr\\\/index.php\\\/nos-clients\\\/distributeurs-et-fabriquants\\\/\"]}]},{\"@type\":\"BreadcrumbList\",\"@id\":\"https:\\\/\\\/edde.ca\\\/fr\\\/index.php\\\/nos-clients\\\/distributeurs-et-fabriquants\\\/#breadcrumb\",\"itemListElement\":[{\"@type\":\"ListItem\",\"position\":1,\"name\":\"Home\",\"item\":\"https:\\\/\\\/edde.ca\\\/fr\\\/index.php\\\/accueil-2\\\/\"},{\"@type\":\"ListItem\",\"position\":2,\"name\":\"Nos Clients\",\"item\":\"https:\\\/\\\/edde.ca\\\/fr\\\/index.php\\\/nos-clients\\\/\"},{\"@type\":\"ListItem\",\"position\":3,\"name\":\"Distributeurs et Fabriquants\"}]},{\"@type\":\"WebSite\",\"@id\":\"https:\\\/\\\/edde.ca\\\/fr\\\/#website\",\"url\":\"https:\\\/\\\/edde.ca\\\/fr\\\/\",\"name\":\"Edde Almond Paste Inc. | P\u00e2te d'Amandes Edde Inc.\",\"description\":\"\",\"publisher\":{\"@id\":\"https:\\\/\\\/edde.ca\\\/fr\\\/#organization\"},\"potentialAction\":[{\"@type\":\"SearchAction\",\"target\":{\"@type\":\"EntryPoint\",\"urlTemplate\":\"https:\\\/\\\/edde.ca\\\/fr\\\/?s={search_term_string}\"},\"query-input\":{\"@type\":\"PropertyValueSpecification\",\"valueRequired\":true,\"valueName\":\"search_term_string\"}}],\"inLanguage\":\"fr-FR\"},{\"@type\":\"Organization\",\"@id\":\"https:\\\/\\\/edde.ca\\\/fr\\\/#organization\",\"name\":\"Edde Almond Paste Inc.\",\"alternateName\":\"Edde Almond Paste Inc.\",\"url\":\"https:\\\/\\\/edde.ca\\\/fr\\\/\",\"logo\":{\"@type\":\"ImageObject\",\"inLanguage\":\"fr-FR\",\"@id\":\"https:\\\/\\\/edde.ca\\\/fr\\\/#\\\/schema\\\/logo\\\/image\\\/\",\"url\":\"https:\\\/\\\/edde.ca\\\/wp-content\\\/uploads\\\/2023\\\/09\\\/Icon.png\",\"contentUrl\":\"https:\\\/\\\/edde.ca\\\/wp-content\\\/uploads\\\/2023\\\/09\\\/Icon.png\",\"width\":512,\"height\":512,\"caption\":\"Edde Almond Paste Inc.\"},\"image\":{\"@id\":\"https:\\\/\\\/edde.ca\\\/fr\\\/#\\\/schema\\\/logo\\\/image\\\/\"},\"sameAs\":[\"https:\\\/\\\/www.facebook.com\\\/eddealmond\\\/about\\\/\"],\"description\":\"Edde Almond Paste Inc. is a Canadian food manufacturing company specializing in the production of high-quality almond paste, nut-based fillings for the bakery, confectionery, and foodservice industries. With a strong focus on consistency, food safety, and product performance, Edde Almond Paste Inc. serves industrial, wholesale, and professional customers across Canada and international markets. The company is committed to meeting the highest industry standards and operates in compliance with applicable regulatory and food safety requirements. Edde Almond Paste Inc. emphasizes rigorous quality control, traceability, and reliable supply to support its customers\u2019 production needs. Its product portfolio is developed to deliver dependable texture, flavor, and functionality in a wide range of applications, including pastries, cookies, cakes, chocolates, and specialty desserts. Driven by a customer-focused approach, Edde Almond Paste Inc. collaborates closely with its partners to provide tailored solutions, responsive service, and long-term value. The company combines technical expertise with operational excellence to position itself as a trusted supplier in the nut paste and specialty ingredient sector.\",\"email\":\"info@edde.ca\",\"telephone\":\"8196693636\",\"legalName\":\"Edde Almond Paste Inc.\",\"numberOfEmployees\":{\"@type\":\"QuantitativeValue\",\"minValue\":\"11\",\"maxValue\":\"50\"}}]}<\/script>\n<!-- \/ Yoast SEO Premium plugin. -->","yoast_head_json":{"title":"Ingr\u00e9dients de boulangerie industrielle pour les fabricants et les distributeurs","description":"Vente en gros d'ingr\u00e9dients de boulangerie pour les distributeurs et les fabricants. Fournisseur de confiance de produits de qualit\u00e9 et d'assistance.","robots":{"index":"index","follow":"follow","max-snippet":"max-snippet:-1","max-image-preview":"max-image-preview:large","max-video-preview":"max-video-preview:-1"},"canonical":"https:\/\/edde.ca\/fr\/index.php\/nos-clients\/distributeurs-et-fabriquants\/","og_locale":"fr_FR","og_type":"article","og_title":"Distributeurs et Fabriquants","og_description":"Vente en gros d'ingr\u00e9dients de boulangerie pour les distributeurs et les fabricants. Fournisseur de confiance de produits de qualit\u00e9 et d'assistance.","og_url":"https:\/\/edde.ca\/fr\/index.php\/nos-clients\/distributeurs-et-fabriquants\/","og_site_name":"Edde Almond Paste Inc. | P\u00e2te d&#039;Amandes Edde Inc.","article_publisher":"https:\/\/www.facebook.com\/eddealmond\/about\/","article_modified_time":"2026-04-10T17:55:16+00:00","og_image":[{"width":1080,"height":617,"url":"https:\/\/edde.ca\/wp-content\/uploads\/2023\/12\/variety-baked-goods-sweet-indulgence-generated-by-ai-scaled-e1769789652191.jpg","type":"image\/jpeg"}],"twitter_card":"summary_large_image","schema":{"@context":"https:\/\/schema.org","@graph":[{"@type":"WebPage","@id":"https:\/\/edde.ca\/fr\/index.php\/nos-clients\/distributeurs-et-fabriquants\/","url":"https:\/\/edde.ca\/fr\/index.php\/nos-clients\/distributeurs-et-fabriquants\/","name":"Ingr\u00e9dients de boulangerie industrielle pour les fabricants et les distributeurs","isPartOf":{"@id":"https:\/\/edde.ca\/fr\/#website"},"datePublished":"2023-09-27T20:52:24+00:00","dateModified":"2026-04-10T17:55:16+00:00","description":"Vente en gros d'ingr\u00e9dients de boulangerie pour les distributeurs et les fabricants. Fournisseur de confiance de produits de qualit\u00e9 et d'assistance.","breadcrumb":{"@id":"https:\/\/edde.ca\/fr\/index.php\/nos-clients\/distributeurs-et-fabriquants\/#breadcrumb"},"inLanguage":"fr-FR","potentialAction":[{"@type":"ReadAction","target":["https:\/\/edde.ca\/fr\/index.php\/nos-clients\/distributeurs-et-fabriquants\/"]}]},{"@type":"BreadcrumbList","@id":"https:\/\/edde.ca\/fr\/index.php\/nos-clients\/distributeurs-et-fabriquants\/#breadcrumb","itemListElement":[{"@type":"ListItem","position":1,"name":"Home","item":"https:\/\/edde.ca\/fr\/index.php\/accueil-2\/"},{"@type":"ListItem","position":2,"name":"Nos Clients","item":"https:\/\/edde.ca\/fr\/index.php\/nos-clients\/"},{"@type":"ListItem","position":3,"name":"Distributeurs et Fabriquants"}]},{"@type":"WebSite","@id":"https:\/\/edde.ca\/fr\/#website","url":"https:\/\/edde.ca\/fr\/","name":"Edde Almond Paste Inc. | P\u00e2te d'Amandes Edde Inc.","description":"","publisher":{"@id":"https:\/\/edde.ca\/fr\/#organization"},"potentialAction":[{"@type":"SearchAction","target":{"@type":"EntryPoint","urlTemplate":"https:\/\/edde.ca\/fr\/?s={search_term_string}"},"query-input":{"@type":"PropertyValueSpecification","valueRequired":true,"valueName":"search_term_string"}}],"inLanguage":"fr-FR"},{"@type":"Organization","@id":"https:\/\/edde.ca\/fr\/#organization","name":"Edde Almond Paste Inc.","alternateName":"Edde Almond Paste Inc.","url":"https:\/\/edde.ca\/fr\/","logo":{"@type":"ImageObject","inLanguage":"fr-FR","@id":"https:\/\/edde.ca\/fr\/#\/schema\/logo\/image\/","url":"https:\/\/edde.ca\/wp-content\/uploads\/2023\/09\/Icon.png","contentUrl":"https:\/\/edde.ca\/wp-content\/uploads\/2023\/09\/Icon.png","width":512,"height":512,"caption":"Edde Almond Paste Inc."},"image":{"@id":"https:\/\/edde.ca\/fr\/#\/schema\/logo\/image\/"},"sameAs":["https:\/\/www.facebook.com\/eddealmond\/about\/"],"description":"Edde Almond Paste Inc. is a Canadian food manufacturing company specializing in the production of high-quality almond paste, nut-based fillings for the bakery, confectionery, and foodservice industries. With a strong focus on consistency, food safety, and product performance, Edde Almond Paste Inc. serves industrial, wholesale, and professional customers across Canada and international markets. The company is committed to meeting the highest industry standards and operates in compliance with applicable regulatory and food safety requirements. Edde Almond Paste Inc. emphasizes rigorous quality control, traceability, and reliable supply to support its customers\u2019 production needs. Its product portfolio is developed to deliver dependable texture, flavor, and functionality in a wide range of applications, including pastries, cookies, cakes, chocolates, and specialty desserts. Driven by a customer-focused approach, Edde Almond Paste Inc. collaborates closely with its partners to provide tailored solutions, responsive service, and long-term value. The company combines technical expertise with operational excellence to position itself as a trusted supplier in the nut paste and specialty ingredient sector.","email":"info@edde.ca","telephone":"8196693636","legalName":"Edde Almond Paste Inc.","numberOfEmployees":{"@type":"QuantitativeValue","minValue":"11","maxValue":"50"}}]}},"_links":{"self":[{"href":"https:\/\/edde.ca\/fr\/index.php\/wp-json\/wp\/v2\/pages\/1089","targetHints":{"allow":["GET"]}}],"collection":[{"href":"https:\/\/edde.ca\/fr\/index.php\/wp-json\/wp\/v2\/pages"}],"about":[{"href":"https:\/\/edde.ca\/fr\/index.php\/wp-json\/wp\/v2\/types\/page"}],"author":[{"embeddable":true,"href":"https:\/\/edde.ca\/fr\/index.php\/wp-json\/wp\/v2\/users\/5"}],"replies":[{"embeddable":true,"href":"https:\/\/edde.ca\/fr\/index.php\/wp-json\/wp\/v2\/comments?post=1089"}],"version-history":[{"count":0,"href":"https:\/\/edde.ca\/fr\/index.php\/wp-json\/wp\/v2\/pages\/1089\/revisions"}],"up":[{"embeddable":true,"href":"https:\/\/edde.ca\/fr\/index.php\/wp-json\/wp\/v2\/pages\/1082"}],"wp:attachment":[{"href":"https:\/\/edde.ca\/fr\/index.php\/wp-json\/wp\/v2\/media?parent=1089"}],"curies":[{"name":"wp","href":"https:\/\/api.w.org\/{rel}","templated":true}]}}