{"id":1085,"date":"2023-09-27T14:31:14","date_gmt":"2023-09-27T19:31:14","guid":{"rendered":"https:\/\/edde.ca\/index.php\/nos-clients\/patisserie-artisanale\/"},"modified":"2026-04-10T12:54:23","modified_gmt":"2026-04-10T17:54:23","slug":"patisserie-artisanale","status":"publish","type":"page","link":"https:\/\/edde.ca\/fr\/index.php\/nos-clients\/patisserie-artisanale\/","title":{"rendered":"P\u00e2tisserie Artisanale"},"content":{"rendered":"<div id=\"pl-gb1085-69e70f4d906e1\"  class=\"panel-layout wp-block-siteorigin-panels-layout-block\" ><div id=\"pg-gb1085-69e70f4d906e1-0\"  class=\"panel-grid panel-has-style\" ><div class=\"panel-row-style panel-row-style-for-gb1085-69e70f4d906e1-0\" ><div id=\"pgc-gb1085-69e70f4d906e1-0-0\"  class=\"panel-grid-cell panel-grid-cell-empty\" ><\/div><div id=\"pgc-gb1085-69e70f4d906e1-0-1\"  class=\"panel-grid-cell\" ><div id=\"panel-gb1085-69e70f4d906e1-0-1-0\" class=\"so-panel widget widget_sow-cta panel-first-child panel-last-child\" data-index=\"0\" ><div\n\t\t\t\n\t\t\tclass=\"so-widget-sow-cta so-widget-sow-cta-default-a23258021f70-1085\"\n\t\t\t\n\t\t><div\n\tclass=\"sow-cta-base\"\n\t>\n\t\n\t<div class=\"sow-cta-wrapper\">\n\n\t\t<div class=\"sow-cta-text\">\n\t\t\t\t\t\t\t<h4 class=\"sow-cta-title\">\n\t\t\t\t\tP\u00e2tisserie Artisanale\t\t\t\t<\/h4>\n\t\t\t\n\t\t\t\t\t\t\t<h4 class=\"sow-cta-subtitle\">\n\t\t\t\t\tOrder High-Quality Baking Ingredients Today!\t\t\t\t<\/h4>\n\t\t\t\t\t<\/div>\n\n\t\t<div\n\t\t\t\n\t\t\tclass=\"so-widget-sow-button so-widget-sow-button-flat-0473ee291939\"\n\t\t\t\n\t\t><div class=\"ow-button-base ow-button-align-center\"\n>\n\t\t\t<a\n\t\t\t\t\thref=\"https:\/\/edde.ca\/?page_id=87\"\n\t\t\t\t\tclass=\"sowb-button ow-icon-placement-left ow-button-hover\" \t>\n\t\t<span>\n\t\t\t\n\t\t\tContact Us Today\t\t<\/span>\n\t\t\t<\/a>\n\t<\/div>\n<\/div>\n\t<\/div>\n\n\t<\/div>\n<\/div><\/div><\/div><\/div><\/div><div id=\"pg-gb1085-69e70f4d906e1-1\"  class=\"panel-grid panel-has-style\" ><div class=\"panel-row-style panel-row-style-for-gb1085-69e70f4d906e1-1\" ><div id=\"pgc-gb1085-69e70f4d906e1-1-0\"  class=\"panel-grid-cell\" ><div id=\"panel-gb1085-69e70f4d906e1-1-0-0\" class=\"so-panel widget widget_text panel-first-child panel-last-child\" data-index=\"1\" ><h3 class=\"widget-title\">Solutions cibl\u00e9es pour les P\u00e2tissiers Artisanaux<\/h3>\t\t\t<div class=\"textwidget\"><\/div>\n\t\t<\/div><\/div><div id=\"pgc-gb1085-69e70f4d906e1-1-1\"  class=\"panel-grid-cell\" ><div id=\"panel-gb1085-69e70f4d906e1-1-1-0\" class=\"so-panel widget widget_text panel-first-child panel-last-child\" data-index=\"2\" >\t\t\t<div class=\"textwidget\"><p data-start=\"238\" data-end=\"602\">P\u00e2te d&rsquo;Amandes Edde Inc. est un <strong data-start=\"359\" data-end=\"413\">fournisseur d&rsquo;ingr\u00e9dients de p\u00e2tisseries sp\u00e9cialis\u00e9s pour les p\u00e2tissiers artisanales<\/strong>. Nous offrons des solutions sur mesure con\u00e7ues pour r\u00e9pondre aux besoins des p\u00e2tissiers passionn\u00e9s partout au Canada. En tant que <strong data-start=\"519\" data-end=\"561\">distributeur d&rsquo;ingr\u00e9dients de p\u00e2tisseries artisanale<\/strong> de confiance, nous comprenons les exigences de la p\u00e2tisseries artisanale. C&rsquo;est pourquoi nous travaillons en \u00e9troite collaboration avec nos clients pour les aider \u00e0 cr\u00e9er des produits distinctifs.   <\/p>\n<p data-start=\"604\" data-end=\"1050\">Nous fournissons des milliers d&rsquo;ingr\u00e9dients de haute qualit\u00e9 sp\u00e9cialement con\u00e7us pour les p\u00e2tisseries artisanales. Il s&rsquo;agit notamment de <a href=\"https:\/\/edde.ca\/fr\/index.php\/products-category\/pralines-beurre-de-noix-et-cremes\/\">beurres de noix<\/a>, de <a href=\"https:\/\/edde.ca\/fr\/index.php\/products-category\/nappages\/\">gla\u00e7ages<\/a>, de <a href=\"https:\/\/edde.ca\/fr\/index.php\/products-category\/melanges-a-patisserie\/\">garnitures<\/a> et de <a href=\"https:\/\/edde.ca\/fr\/index.php\/products-category\/melanges-a-patisserie\/\">m\u00e9langes pr\u00eats \u00e0 l&#8217;emploi de<\/a> premi\u00e8re qualit\u00e9. Que vous perfectionniez des recettes classiques ou que vous exploriez de nouvelles tendances en mati\u00e8re de p\u00e2tisserie, nous avons les produits &#8211; et les connaissances techniques &#8211; pour soutenir votre vision. Des g\u00e2teaux moelleux aux p\u00e2tisseries sans gluten, P\u00e2te d&rsquo;Amandes Edde Inc. fournit les outils et l&rsquo;expertise dont les artisans boulangers ont besoin pour prosp\u00e9rer.   <\/p>\n<p data-start=\"1156\" data-end=\"1555\">Il est important de noter que nous ne nous contentons pas de livrer des ingr\u00e9dients. En tant que <strong data-start=\"1231\" data-end=\"1285\">fournisseur exp\u00e9riment\u00e9 d&rsquo;ingr\u00e9dients de p\u00e2tisseries pour les p\u00e2tisseries artisanales<\/strong>, notre soutien ne s&rsquo;arr\u00eate pas au quai de chargement. Notre <a href=\"https:\/\/edde.ca\/fr\/index.php\/a-propos-de-nous\/\">\u00e9quipe technique<\/a> consulte directement votre personnel, offrant sur place des recommandations sur les produits, le d\u00e9pannage et l&rsquo;aide au d\u00e9veloppement de produits. En bref, nous ne sommes pas seulement un fournisseur, nous sommes des partenaires actifs de votre succ\u00e8s.   <\/p>\n<p data-start=\"1557\" data-end=\"1875\">En outre, nous fournissons des informations pr\u00e9cieuses pour aider votre p\u00e2tisserie \u00e0 briller sur un march\u00e9 concurrentiel. Cela comprend des id\u00e9es de recettes, des strat\u00e9gies de prix, des analyses de tendances et un soutien marketing. Chez P\u00e2te d&rsquo;Amandes Edde Inc., nous comprenons les d\u00e9fis quotidiens auxquels vous \u00eates confront\u00e9s. C&rsquo;est pourquoi nous nous engageons \u00e0 \u00eatre pr\u00e9sents \u00e0 chaque \u00e9tape du processus.   <\/p>\n<p data-start=\"1877\" data-end=\"2174\">Que vous exploitiez une seule boulangerie ou que vous g\u00e9riez plusieurs \u00e9tablissements, un partenariat avec P\u00e2te d&rsquo;Amandes Edde Inc. signifie que vous pouvez compter sur un <strong data-start=\"2003\" data-end=\"2045\">distributeur d&rsquo;ingr\u00e9dients de boulangerie artisanale<\/strong> fiable qui se pr\u00e9occupe vraiment de vous. Notre \u00e9quipe de vente, nos experts en logistique et nos sp\u00e9cialistes techniques partagent une m\u00eame mission : aider votre entreprise \u00e0 cro\u00eetre. <\/p>\n<p data-start=\"2176\" data-end=\"2334\">Pour d\u00e9couvrir comment nous soutenons les p\u00e2tisseries artisanales, consultez notre <a href=\"https:\/\/edde.ca\/index.php\/our-products\/\">catalogue de produits<\/a>. Pr\u00eat \u00e0 faire passer votre boulangerie au niveau sup\u00e9rieur ? <strong data-start=\"2298\" data-end=\"2318\"><a href=\"https:\/\/edde.ca\/index.php\/contact-us\/\">Contactez-nous<\/a> d\u00e8s aujourd&rsquo;hui<\/strong> pour commencer. <\/p>\n<\/div>\n\t\t<\/div><\/div><\/div><\/div><\/div>\n<p><\/p>\n","protected":false},"excerpt":{"rendered":"<p>P\u00e2te d&rsquo;Amandes Edde Inc. est un fournisseur d&rsquo;ingr\u00e9dients de p\u00e2tisseries sp\u00e9cialis\u00e9s pour les p\u00e2tissiers artisanales. Nous offrons des solutions sur mesure con\u00e7ues pour r\u00e9pondre aux besoins des p\u00e2tissiers passionn\u00e9s partout au Canada. En tant que distributeur d&rsquo;ingr\u00e9dients de p\u00e2tisseries artisanale de confiance, nous comprenons les exigences de la p\u00e2tisseries artisanale. C&rsquo;est pourquoi nous travaillons en [&hellip;]<\/p>\n","protected":false},"author":5,"featured_media":0,"parent":1082,"menu_order":0,"comment_status":"closed","ping_status":"closed","template":"","meta":{"footnotes":""},"class_list":["post-1085","page","type-page","status-publish","hentry","post"],"yoast_head":"<!-- This site is optimized with the Yoast SEO Premium plugin v27.4 (Yoast SEO v27.4) - https:\/\/yoast.com\/product\/yoast-seo-premium-wordpress\/ -->\n<title>Fournisseur de confiance d&#039;ingr\u00e9dients de p\u00e2tisseries pour les p\u00e2tisseries artisanales<\/title>\n<meta name=\"description\" content=\"P\u00e2te d&#039;Amandes Edde Inc. est un fournisseur d&#039;ingr\u00e9dients de confiance pour les boulangeries artisanales, offrant des ingr\u00e9dients de boulangerie de haute qualit\u00e9 et certifi\u00e9s.\" \/>\n<meta name=\"robots\" content=\"index, follow, max-snippet:-1, max-image-preview:large, max-video-preview:-1\" \/>\n<link rel=\"canonical\" href=\"https:\/\/edde.ca\/fr\/index.php\/nos-clients\/patisserie-artisanale\/\" \/>\n<meta property=\"og:locale\" content=\"fr_FR\" \/>\n<meta property=\"og:type\" content=\"article\" \/>\n<meta property=\"og:title\" content=\"P\u00e2tisserie Artisanale\" \/>\n<meta property=\"og:description\" content=\"P\u00e2te d&#039;Amandes Edde Inc. est un fournisseur d&#039;ingr\u00e9dients de confiance pour les boulangeries artisanales, offrant des ingr\u00e9dients de boulangerie de haute qualit\u00e9 et certifi\u00e9s.\" \/>\n<meta property=\"og:url\" content=\"https:\/\/edde.ca\/fr\/index.php\/nos-clients\/patisserie-artisanale\/\" \/>\n<meta property=\"og:site_name\" content=\"Edde Almond Paste Inc. | P\u00e2te d&#039;Amandes Edde Inc.\" \/>\n<meta property=\"article:publisher\" content=\"https:\/\/www.facebook.com\/eddealmond\/about\/\" \/>\n<meta property=\"article:modified_time\" content=\"2026-04-10T17:54:23+00:00\" \/>\n<meta property=\"og:image\" content=\"https:\/\/edde.ca\/wp-content\/uploads\/2023\/12\/variety-baked-goods-sweet-indulgence-generated-by-ai-scaled-e1769789652191.jpg\" \/>\n\t<meta property=\"og:image:width\" content=\"1080\" \/>\n\t<meta property=\"og:image:height\" content=\"617\" \/>\n\t<meta property=\"og:image:type\" content=\"image\/jpeg\" \/>\n<meta name=\"twitter:card\" content=\"summary_large_image\" \/>\n<script type=\"application\/ld+json\" class=\"yoast-schema-graph\">{\"@context\":\"https:\\\/\\\/schema.org\",\"@graph\":[{\"@type\":\"WebPage\",\"@id\":\"https:\\\/\\\/edde.ca\\\/fr\\\/index.php\\\/nos-clients\\\/patisserie-artisanale\\\/\",\"url\":\"https:\\\/\\\/edde.ca\\\/fr\\\/index.php\\\/nos-clients\\\/patisserie-artisanale\\\/\",\"name\":\"Fournisseur de confiance d'ingr\u00e9dients de p\u00e2tisseries pour les p\u00e2tisseries artisanales\",\"isPartOf\":{\"@id\":\"https:\\\/\\\/edde.ca\\\/fr\\\/#website\"},\"datePublished\":\"2023-09-27T19:31:14+00:00\",\"dateModified\":\"2026-04-10T17:54:23+00:00\",\"description\":\"P\u00e2te d'Amandes Edde Inc. est un fournisseur d'ingr\u00e9dients de confiance pour les boulangeries artisanales, offrant des ingr\u00e9dients de boulangerie de haute qualit\u00e9 et certifi\u00e9s.\",\"breadcrumb\":{\"@id\":\"https:\\\/\\\/edde.ca\\\/fr\\\/index.php\\\/nos-clients\\\/patisserie-artisanale\\\/#breadcrumb\"},\"inLanguage\":\"fr-FR\",\"potentialAction\":[{\"@type\":\"ReadAction\",\"target\":[\"https:\\\/\\\/edde.ca\\\/fr\\\/index.php\\\/nos-clients\\\/patisserie-artisanale\\\/\"]}]},{\"@type\":\"BreadcrumbList\",\"@id\":\"https:\\\/\\\/edde.ca\\\/fr\\\/index.php\\\/nos-clients\\\/patisserie-artisanale\\\/#breadcrumb\",\"itemListElement\":[{\"@type\":\"ListItem\",\"position\":1,\"name\":\"Home\",\"item\":\"https:\\\/\\\/edde.ca\\\/fr\\\/index.php\\\/accueil-2\\\/\"},{\"@type\":\"ListItem\",\"position\":2,\"name\":\"Nos Clients\",\"item\":\"https:\\\/\\\/edde.ca\\\/fr\\\/index.php\\\/nos-clients\\\/\"},{\"@type\":\"ListItem\",\"position\":3,\"name\":\"P\u00e2tisserie Artisanale\"}]},{\"@type\":\"WebSite\",\"@id\":\"https:\\\/\\\/edde.ca\\\/fr\\\/#website\",\"url\":\"https:\\\/\\\/edde.ca\\\/fr\\\/\",\"name\":\"Edde Almond Paste Inc. | P\u00e2te d'Amandes Edde Inc.\",\"description\":\"\",\"publisher\":{\"@id\":\"https:\\\/\\\/edde.ca\\\/fr\\\/#organization\"},\"potentialAction\":[{\"@type\":\"SearchAction\",\"target\":{\"@type\":\"EntryPoint\",\"urlTemplate\":\"https:\\\/\\\/edde.ca\\\/fr\\\/?s={search_term_string}\"},\"query-input\":{\"@type\":\"PropertyValueSpecification\",\"valueRequired\":true,\"valueName\":\"search_term_string\"}}],\"inLanguage\":\"fr-FR\"},{\"@type\":\"Organization\",\"@id\":\"https:\\\/\\\/edde.ca\\\/fr\\\/#organization\",\"name\":\"Edde Almond Paste Inc.\",\"alternateName\":\"Edde Almond Paste Inc.\",\"url\":\"https:\\\/\\\/edde.ca\\\/fr\\\/\",\"logo\":{\"@type\":\"ImageObject\",\"inLanguage\":\"fr-FR\",\"@id\":\"https:\\\/\\\/edde.ca\\\/fr\\\/#\\\/schema\\\/logo\\\/image\\\/\",\"url\":\"https:\\\/\\\/edde.ca\\\/wp-content\\\/uploads\\\/2023\\\/09\\\/Icon.png\",\"contentUrl\":\"https:\\\/\\\/edde.ca\\\/wp-content\\\/uploads\\\/2023\\\/09\\\/Icon.png\",\"width\":512,\"height\":512,\"caption\":\"Edde Almond Paste Inc.\"},\"image\":{\"@id\":\"https:\\\/\\\/edde.ca\\\/fr\\\/#\\\/schema\\\/logo\\\/image\\\/\"},\"sameAs\":[\"https:\\\/\\\/www.facebook.com\\\/eddealmond\\\/about\\\/\"],\"description\":\"Edde Almond Paste Inc. is a Canadian food manufacturing company specializing in the production of high-quality almond paste, nut-based fillings for the bakery, confectionery, and foodservice industries. With a strong focus on consistency, food safety, and product performance, Edde Almond Paste Inc. serves industrial, wholesale, and professional customers across Canada and international markets. The company is committed to meeting the highest industry standards and operates in compliance with applicable regulatory and food safety requirements. Edde Almond Paste Inc. emphasizes rigorous quality control, traceability, and reliable supply to support its customers\u2019 production needs. Its product portfolio is developed to deliver dependable texture, flavor, and functionality in a wide range of applications, including pastries, cookies, cakes, chocolates, and specialty desserts. Driven by a customer-focused approach, Edde Almond Paste Inc. collaborates closely with its partners to provide tailored solutions, responsive service, and long-term value. The company combines technical expertise with operational excellence to position itself as a trusted supplier in the nut paste and specialty ingredient sector.\",\"email\":\"info@edde.ca\",\"telephone\":\"8196693636\",\"legalName\":\"Edde Almond Paste Inc.\",\"numberOfEmployees\":{\"@type\":\"QuantitativeValue\",\"minValue\":\"11\",\"maxValue\":\"50\"}}]}<\/script>\n<!-- \/ Yoast SEO Premium plugin. -->","yoast_head_json":{"title":"Fournisseur de confiance d'ingr\u00e9dients de p\u00e2tisseries pour les p\u00e2tisseries artisanales","description":"P\u00e2te d'Amandes Edde Inc. est un fournisseur d'ingr\u00e9dients de confiance pour les boulangeries artisanales, offrant des ingr\u00e9dients de boulangerie de haute qualit\u00e9 et certifi\u00e9s.","robots":{"index":"index","follow":"follow","max-snippet":"max-snippet:-1","max-image-preview":"max-image-preview:large","max-video-preview":"max-video-preview:-1"},"canonical":"https:\/\/edde.ca\/fr\/index.php\/nos-clients\/patisserie-artisanale\/","og_locale":"fr_FR","og_type":"article","og_title":"P\u00e2tisserie Artisanale","og_description":"P\u00e2te d'Amandes Edde Inc. est un fournisseur d'ingr\u00e9dients de confiance pour les boulangeries artisanales, offrant des ingr\u00e9dients de boulangerie de haute qualit\u00e9 et certifi\u00e9s.","og_url":"https:\/\/edde.ca\/fr\/index.php\/nos-clients\/patisserie-artisanale\/","og_site_name":"Edde Almond Paste Inc. | P\u00e2te d&#039;Amandes Edde Inc.","article_publisher":"https:\/\/www.facebook.com\/eddealmond\/about\/","article_modified_time":"2026-04-10T17:54:23+00:00","og_image":[{"width":1080,"height":617,"url":"https:\/\/edde.ca\/wp-content\/uploads\/2023\/12\/variety-baked-goods-sweet-indulgence-generated-by-ai-scaled-e1769789652191.jpg","type":"image\/jpeg"}],"twitter_card":"summary_large_image","schema":{"@context":"https:\/\/schema.org","@graph":[{"@type":"WebPage","@id":"https:\/\/edde.ca\/fr\/index.php\/nos-clients\/patisserie-artisanale\/","url":"https:\/\/edde.ca\/fr\/index.php\/nos-clients\/patisserie-artisanale\/","name":"Fournisseur de confiance d'ingr\u00e9dients de p\u00e2tisseries pour les p\u00e2tisseries artisanales","isPartOf":{"@id":"https:\/\/edde.ca\/fr\/#website"},"datePublished":"2023-09-27T19:31:14+00:00","dateModified":"2026-04-10T17:54:23+00:00","description":"P\u00e2te d'Amandes Edde Inc. est un fournisseur d'ingr\u00e9dients de confiance pour les boulangeries artisanales, offrant des ingr\u00e9dients de boulangerie de haute qualit\u00e9 et certifi\u00e9s.","breadcrumb":{"@id":"https:\/\/edde.ca\/fr\/index.php\/nos-clients\/patisserie-artisanale\/#breadcrumb"},"inLanguage":"fr-FR","potentialAction":[{"@type":"ReadAction","target":["https:\/\/edde.ca\/fr\/index.php\/nos-clients\/patisserie-artisanale\/"]}]},{"@type":"BreadcrumbList","@id":"https:\/\/edde.ca\/fr\/index.php\/nos-clients\/patisserie-artisanale\/#breadcrumb","itemListElement":[{"@type":"ListItem","position":1,"name":"Home","item":"https:\/\/edde.ca\/fr\/index.php\/accueil-2\/"},{"@type":"ListItem","position":2,"name":"Nos Clients","item":"https:\/\/edde.ca\/fr\/index.php\/nos-clients\/"},{"@type":"ListItem","position":3,"name":"P\u00e2tisserie Artisanale"}]},{"@type":"WebSite","@id":"https:\/\/edde.ca\/fr\/#website","url":"https:\/\/edde.ca\/fr\/","name":"Edde Almond Paste Inc. | P\u00e2te d'Amandes Edde Inc.","description":"","publisher":{"@id":"https:\/\/edde.ca\/fr\/#organization"},"potentialAction":[{"@type":"SearchAction","target":{"@type":"EntryPoint","urlTemplate":"https:\/\/edde.ca\/fr\/?s={search_term_string}"},"query-input":{"@type":"PropertyValueSpecification","valueRequired":true,"valueName":"search_term_string"}}],"inLanguage":"fr-FR"},{"@type":"Organization","@id":"https:\/\/edde.ca\/fr\/#organization","name":"Edde Almond Paste Inc.","alternateName":"Edde Almond Paste Inc.","url":"https:\/\/edde.ca\/fr\/","logo":{"@type":"ImageObject","inLanguage":"fr-FR","@id":"https:\/\/edde.ca\/fr\/#\/schema\/logo\/image\/","url":"https:\/\/edde.ca\/wp-content\/uploads\/2023\/09\/Icon.png","contentUrl":"https:\/\/edde.ca\/wp-content\/uploads\/2023\/09\/Icon.png","width":512,"height":512,"caption":"Edde Almond Paste Inc."},"image":{"@id":"https:\/\/edde.ca\/fr\/#\/schema\/logo\/image\/"},"sameAs":["https:\/\/www.facebook.com\/eddealmond\/about\/"],"description":"Edde Almond Paste Inc. is a Canadian food manufacturing company specializing in the production of high-quality almond paste, nut-based fillings for the bakery, confectionery, and foodservice industries. With a strong focus on consistency, food safety, and product performance, Edde Almond Paste Inc. serves industrial, wholesale, and professional customers across Canada and international markets. The company is committed to meeting the highest industry standards and operates in compliance with applicable regulatory and food safety requirements. Edde Almond Paste Inc. emphasizes rigorous quality control, traceability, and reliable supply to support its customers\u2019 production needs. Its product portfolio is developed to deliver dependable texture, flavor, and functionality in a wide range of applications, including pastries, cookies, cakes, chocolates, and specialty desserts. Driven by a customer-focused approach, Edde Almond Paste Inc. collaborates closely with its partners to provide tailored solutions, responsive service, and long-term value. The company combines technical expertise with operational excellence to position itself as a trusted supplier in the nut paste and specialty ingredient sector.","email":"info@edde.ca","telephone":"8196693636","legalName":"Edde Almond Paste Inc.","numberOfEmployees":{"@type":"QuantitativeValue","minValue":"11","maxValue":"50"}}]}},"_links":{"self":[{"href":"https:\/\/edde.ca\/fr\/index.php\/wp-json\/wp\/v2\/pages\/1085","targetHints":{"allow":["GET"]}}],"collection":[{"href":"https:\/\/edde.ca\/fr\/index.php\/wp-json\/wp\/v2\/pages"}],"about":[{"href":"https:\/\/edde.ca\/fr\/index.php\/wp-json\/wp\/v2\/types\/page"}],"author":[{"embeddable":true,"href":"https:\/\/edde.ca\/fr\/index.php\/wp-json\/wp\/v2\/users\/5"}],"replies":[{"embeddable":true,"href":"https:\/\/edde.ca\/fr\/index.php\/wp-json\/wp\/v2\/comments?post=1085"}],"version-history":[{"count":0,"href":"https:\/\/edde.ca\/fr\/index.php\/wp-json\/wp\/v2\/pages\/1085\/revisions"}],"up":[{"embeddable":true,"href":"https:\/\/edde.ca\/fr\/index.php\/wp-json\/wp\/v2\/pages\/1082"}],"wp:attachment":[{"href":"https:\/\/edde.ca\/fr\/index.php\/wp-json\/wp\/v2\/media?parent=1085"}],"curies":[{"name":"wp","href":"https:\/\/api.w.org\/{rel}","templated":true}]}}