{"id":1082,"date":"2023-09-27T09:59:49","date_gmt":"2023-09-27T14:59:49","guid":{"rendered":"https:\/\/edde.ca\/index.php\/nos-clients\/"},"modified":"2026-04-10T12:54:03","modified_gmt":"2026-04-10T17:54:03","slug":"nos-clients","status":"publish","type":"page","link":"https:\/\/edde.ca\/fr\/index.php\/nos-clients\/","title":{"rendered":"Nos Clients"},"content":{"rendered":"<div id=\"pl-gb1082-69dfeeed94307\"  class=\"panel-layout wp-block-siteorigin-panels-layout-block\" ><div id=\"pg-gb1082-69dfeeed94307-0\"  class=\"panel-grid panel-no-style\" ><div id=\"pgc-gb1082-69dfeeed94307-0-0\"  class=\"panel-grid-cell\" ><div id=\"panel-gb1082-69dfeeed94307-0-0-0\" class=\"so-panel widget widget_sow-headline panel-first-child panel-last-child\" data-index=\"0\" ><div\n\t\t\t\n\t\t\tclass=\"so-widget-sow-headline so-widget-sow-headline-default-d6db24c2db75-1082\"\n\t\t\t\n\t\t><div class=\"sow-headline-container \">\n\t\t\t\t\t\t<div class=\"decoration\">\n\t\t\t\t\t\t<div class=\"decoration-inside\"><\/div>\n\t\t\t\t\t<\/div>\n\t\t\t\t\t<\/div>\n<\/div><\/div><\/div><\/div><\/div><div id=\"pl-gb1082-69dfeeed9589a\"  class=\"panel-layout wp-block-siteorigin-panels-layout-block\" ><div id=\"pg-gb1082-69dfeeed9589a-0\"  class=\"panel-grid panel-no-style\" ><div id=\"pgc-gb1082-69dfeeed9589a-0-0\"  class=\"panel-grid-cell\" ><div id=\"panel-gb1082-69dfeeed9589a-0-0-0\" class=\"so-panel widget widget_sow-editor panel-first-child panel-last-child\" data-index=\"0\" ><div\n\t\t\t\n\t\t\tclass=\"so-widget-sow-editor so-widget-sow-editor-base\"\n\t\t\t\n\t\t><h3 class=\"widget-title\">Nos Clients<\/h3>\n<div class=\"siteorigin-widget-tinymce textwidget\">\n\t<h3 data-start=\"319\" data-end=\"367\">Votre fournisseur de confiance d&rsquo;ingr\u00e9dients de boulangerie B2B<\/h3>\n<p data-start=\"369\" data-end=\"767\">En tant que <strong data-start=\"382\" data-end=\"417\">fournisseur de confiance d&rsquo;ingr\u00e9dients de boulangerie B2B<\/strong>, Edde est fi\u00e8re de soutenir les <a class=\"\" href=\"https:\/\/edde.ca\/index.php\/b2b-baking-ingredients-supplier\/artisanal-bakeries\/\" rel=\"noopener\" data-start=\"433\" data-end=\"488\">boulangeries artisanales<\/a>, les <a href=\"https:\/\/edde.ca\/index.php\/b2b-baking-ingredients-supplier\/distributors-and-manufacturers\/\">distributeurs alimentaires et les fabricants<\/a> \u00e0 travers le Canada. En outre, nous nous sp\u00e9cialisons dans l&rsquo;approvisionnement en vrac, les m\u00e9langes personnalis\u00e9s et les <a href=\"https:\/\/edde.ca\/index.php\/b2b-baking-ingredients-supplier\/private-labels\/\">solutions de marque priv\u00e9e<\/a> adapt\u00e9es \u00e0 vos besoins. <\/p>\n<p data-start=\"369\" data-end=\"767\">Parce que chaque entreprise est diff\u00e9rente, nous proposons des options flexibles pour r\u00e9pondre \u00e0 vos objectifs de production. Que vous cuisiniez en petites quantit\u00e9s ou \u00e0 plus grande \u00e9chelle, Edde est votre <strong data-start=\"798\" data-end=\"839\">fournisseur fiable d&rsquo;ingr\u00e9dients de boulangerie en gros<\/strong>. <\/p>\n<p data-start=\"769\" data-end=\"1183\">En outre, nos produits sont certifi\u00e9s conformes aux normes de s\u00e9curit\u00e9 alimentaire les plus strictes, notamment <a class=\"\" href=\"https:\/\/www.fssc22000.com\/\" target=\"_new\" rel=\"noopener\" data-start=\"1005\" data-end=\"1045\">FSSC 22000<\/a>, <a class=\"cursor-pointer\" href=\"https:\/\/www.ecocert.com\/en-CA\/home\" target=\"_new\" rel=\"noopener\" data-start=\"1047\" data-end=\"1084\">Ecocert<\/a> et <a class=\"\" href=\"https:\/\/www.ovhkosher.ca\/\" target=\"_new\" rel=\"noopener\" data-start=\"1090\" data-end=\"1121\">Pareve<\/a>. Vous pouvez donc compter sur une qualit\u00e9 et une s\u00e9curit\u00e9 constantes \u00e0 chaque exp\u00e9dition. <\/p>\n<\/div>\n<\/div><\/div><\/div><\/div><div id=\"pg-gb1082-69dfeeed9589a-1\"  class=\"panel-grid panel-no-style\" ><div id=\"pgc-gb1082-69dfeeed9589a-1-0\"  class=\"panel-grid-cell\" ><div id=\"panel-gb1082-69dfeeed9589a-1-0-0\" class=\"so-panel widget widget_media_image panel-first-child\" data-index=\"1\" ><a href=\"https:\/\/edde.ca\/?page_id=72\"><picture class=\"ngio-picture\"><source type=\"image\/avif\" srcset=\"https:\/\/edde.ca\/wp-content\/uploads\/2023\/09\/Bakery-an-Pastry-Shops-300x300.png.avif\"><picture class=\"ngio-picture\"><source type=\"image\/avif\" srcset=\"https:\/\/edde.ca\/wp-content\/uploads\/2023\/09\/Bakery-an-Pastry-Shops-300x300.png.avif\"><img decoding=\"async\" width=\"300\" height=\"300\" src=\"https:\/\/edde.ca\/wp-content\/uploads\/2023\/09\/Bakery-an-Pastry-Shops-300x300.png\" class=\"image wp-image-64  attachment-medium size-medium\" alt=\"\" style=\"max-width: 100%; height: auto;\" srcset=\"https:\/\/edde.ca\/wp-content\/uploads\/2023\/09\/Bakery-an-Pastry-Shops-300x300.png 300w, https:\/\/edde.ca\/wp-content\/uploads\/2023\/09\/Bakery-an-Pastry-Shops-150x150.png 150w, https:\/\/edde.ca\/wp-content\/uploads\/2023\/09\/Bakery-an-Pastry-Shops-768x768.png 768w, https:\/\/edde.ca\/wp-content\/uploads\/2023\/09\/Bakery-an-Pastry-Shops-225x225.png 225w, https:\/\/edde.ca\/wp-content\/uploads\/2023\/09\/Bakery-an-Pastry-Shops-400x400.png 400w, https:\/\/edde.ca\/wp-content\/uploads\/2023\/09\/Bakery-an-Pastry-Shops.png 900w\" sizes=\"(max-width: 300px) 100vw, 300px\" \/><\/picture><\/picture><\/a><\/div><div id=\"panel-gb1082-69dfeeed9589a-1-0-1\" class=\"so-panel widget widget_text panel-last-child\" data-index=\"2\" ><h3 class=\"widget-title\">P\u00e2tisserie Artisanale<\/h3>\t\t\t<div class=\"textwidget\"><p><strong data-start=\"77\" data-end=\"115\">Pourquoi les boulangeries artisanales choisissent-elles P\u00e2te d&rsquo;Amandes Edde Inc. ?<\/strong><br data-start=\"115\" data-end=\"118\">Les boulangeries artisanales font confiance \u00e0 Edde pour sa qualit\u00e9 constante, ses ingr\u00e9dients propres et son service personnalis\u00e9. Parce que nous comprenons le soin apport\u00e9 \u00e0 la fabrication de p\u00e2tisseries artisanales, nous proposons des solutions flexibles, des options de petites quantit\u00e9s et des certifications qui r\u00e9pondent \u00e0 vos valeurs. Avec P\u00e2te d&rsquo;Amandes Edde Inc., vous obtenez plus que des ingr\u00e9dients &#8211; vous obtenez un partenaire fiable qui partage votre engagement pour l&rsquo;excellence.<\/p>\n<\/div>\n\t\t<\/div><\/div><div id=\"pgc-gb1082-69dfeeed9589a-1-1\"  class=\"panel-grid-cell\" ><div id=\"panel-gb1082-69dfeeed9589a-1-1-0\" class=\"so-panel widget widget_media_image panel-first-child\" data-index=\"3\" ><a href=\"https:\/\/edde.ca\/?page_id=75\"><picture class=\"ngio-picture\"><source type=\"image\/avif\" srcset=\"https:\/\/edde.ca\/wp-content\/uploads\/2023\/09\/Thumb-Distributors-and-Manufacturors-300x300.png.avif\"><picture class=\"ngio-picture\"><source type=\"image\/avif\" srcset=\"https:\/\/edde.ca\/wp-content\/uploads\/2023\/09\/Thumb-Distributors-and-Manufacturors-300x300.png.avif\"><img decoding=\"async\" width=\"300\" height=\"300\" src=\"https:\/\/edde.ca\/wp-content\/uploads\/2023\/09\/Thumb-Distributors-and-Manufacturors-300x300.png\" class=\"image wp-image-65  attachment-medium size-medium\" alt=\"\" style=\"max-width: 100%; height: auto;\" srcset=\"https:\/\/edde.ca\/wp-content\/uploads\/2023\/09\/Thumb-Distributors-and-Manufacturors-300x300.png 300w, https:\/\/edde.ca\/wp-content\/uploads\/2023\/09\/Thumb-Distributors-and-Manufacturors-150x150.png 150w, https:\/\/edde.ca\/wp-content\/uploads\/2023\/09\/Thumb-Distributors-and-Manufacturors-768x768.png 768w, https:\/\/edde.ca\/wp-content\/uploads\/2023\/09\/Thumb-Distributors-and-Manufacturors-225x225.png 225w, https:\/\/edde.ca\/wp-content\/uploads\/2023\/09\/Thumb-Distributors-and-Manufacturors-400x400.png 400w, https:\/\/edde.ca\/wp-content\/uploads\/2023\/09\/Thumb-Distributors-and-Manufacturors.png 900w\" sizes=\"(max-width: 300px) 100vw, 300px\" \/><\/picture><\/picture><\/a><\/div><div id=\"panel-gb1082-69dfeeed9589a-1-1-1\" class=\"so-panel widget widget_text panel-last-child\" data-index=\"4\" ><h3 class=\"widget-title\">Distributeurs et Fabriquants<\/h3>\t\t\t<div class=\"textwidget\"><p><strong>Pourquoi les distributeurs et les fabricants choisissent-ils P\u00e2te d&rsquo;Amandes Edde Inc. ?<\/strong><\/p>\n<p>En tant que <strong data-start=\"230\" data-end=\"265\">fournisseur de confiance d&rsquo;ingr\u00e9dients de boulangerie B2B<\/strong>, Edde Almond Paste Inc soutient les distributeurs et les fabricants avec des ingr\u00e9dients certifi\u00e9s de haute qualit\u00e9 et un service fiable. Les fabricants appr\u00e9cient nos solutions \u00e9volutives et notre cha\u00eene d&rsquo;approvisionnement fiable. Quant aux distributeurs, ils comptent sur nos emballages en vrac, nos d\u00e9lais de livraison rapides et la qualit\u00e9 constante de nos produits pour servir leurs clients en toute confiance.<\/p>\n<\/div>\n\t\t<\/div><\/div><div id=\"pgc-gb1082-69dfeeed9589a-1-2\"  class=\"panel-grid-cell\" ><div id=\"panel-gb1082-69dfeeed9589a-1-2-0\" class=\"so-panel widget widget_media_image panel-first-child\" data-index=\"5\" ><a href=\"https:\/\/edde.ca\/?page_id=78\"><picture class=\"ngio-picture\"><source type=\"image\/avif\" srcset=\"https:\/\/edde.ca\/wp-content\/uploads\/2023\/09\/Thumb-Private-Label-300x300.png.avif\"><picture class=\"ngio-picture\"><source type=\"image\/avif\" srcset=\"https:\/\/edde.ca\/wp-content\/uploads\/2023\/09\/Thumb-Private-Label-300x300.png.avif\"><img decoding=\"async\" width=\"300\" height=\"300\" src=\"https:\/\/edde.ca\/wp-content\/uploads\/2023\/09\/Thumb-Private-Label-300x300.png\" class=\"image wp-image-66  attachment-medium size-medium\" alt=\"\" style=\"max-width: 100%; height: auto;\" srcset=\"https:\/\/edde.ca\/wp-content\/uploads\/2023\/09\/Thumb-Private-Label-300x300.png 300w, https:\/\/edde.ca\/wp-content\/uploads\/2023\/09\/Thumb-Private-Label-150x150.png 150w, https:\/\/edde.ca\/wp-content\/uploads\/2023\/09\/Thumb-Private-Label-768x768.png 768w, https:\/\/edde.ca\/wp-content\/uploads\/2023\/09\/Thumb-Private-Label-225x225.png 225w, https:\/\/edde.ca\/wp-content\/uploads\/2023\/09\/Thumb-Private-Label-400x400.png 400w, https:\/\/edde.ca\/wp-content\/uploads\/2023\/09\/Thumb-Private-Label.png 900w\" sizes=\"(max-width: 300px) 100vw, 300px\" \/><\/picture><\/picture><\/a><\/div><div id=\"panel-gb1082-69dfeeed9589a-1-2-1\" class=\"so-panel widget widget_text panel-last-child\" data-index=\"6\" ><h3 class=\"widget-title\">Marques Priv\u00e9es<\/h3>\t\t\t<div class=\"textwidget\"><p><strong>Pourquoi les clients choisissent-ils P\u00e2te d&rsquo;Amandes Edde Inc. pour des solutions de marques priv\u00e9es ?<\/strong><\/p>\n<p data-start=\"188\" data-end=\"628\">Les clients choisissent P\u00e2te d&rsquo;Amandes Edde Inc. pour des ingr\u00e9dients de p\u00e2tisserie de marque priv\u00e9e parce que nous facilitons la mise sur le march\u00e9 de produits de haute qualit\u00e9 et de marque personnalis\u00e9e. Nous proposons des options d&#8217;emballage flexibles, un approvisionnement fiable et un soutien r\u00e9glementaire complet, le tout soutenu par nos certifications en mati\u00e8re de s\u00e9curit\u00e9 alimentaire. Que vous soyez distributeur ou fabricant, notre \u00e9quipe travaille en \u00e9troite collaboration avec vous pour d\u00e9velopper des solutions de marque priv\u00e9e qui refl\u00e8tent votre marque et r\u00e9pondent \u00e0 vos normes de qualit\u00e9.<\/p>\n<\/div>\n\t\t<\/div><\/div><\/div><div id=\"pg-gb1082-69dfeeed9589a-2\"  class=\"panel-grid panel-has-style\" ><div class=\"panel-row-style panel-row-style-for-gb1082-69dfeeed9589a-2\" ><div id=\"pgc-gb1082-69dfeeed9589a-2-0\"  class=\"panel-grid-cell\" ><div id=\"panel-gb1082-69dfeeed9589a-2-0-0\" class=\"so-panel widget widget_text panel-first-child panel-last-child\" data-index=\"7\" ><h3 class=\"widget-title\">Des solutions de boulangerie adapt\u00e9es \u00e0 votre entreprise<\/h3>\t\t\t<div class=\"textwidget\"><p>Chez Edde, nous comprenons que chaque boulangerie a des besoins uniques. <\/p>\n<\/div>\n\t\t<\/div><\/div><div id=\"pgc-gb1082-69dfeeed9589a-2-1\"  class=\"panel-grid-cell\" ><div id=\"panel-gb1082-69dfeeed9589a-2-1-0\" class=\"so-panel widget widget_text panel-first-child\" data-index=\"8\" ><h3 class=\"widget-title\">S\u00e9lection de produits exceptionnelle<\/h3>\t\t\t<div class=\"textwidget\"><p>Notre s\u00e9lection exceptionnelle de produits comprend des ingr\u00e9dients soigneusement choisis qui r\u00e9pondent aux normes de qualit\u00e9 les plus \u00e9lev\u00e9es. Nous assurons l\u2019uniformit\u00e9, la s\u00e9curit\u00e9 et une performance sup\u00e9rieure pour vous aider \u00e0 fabriquer des produits de boulangerie exceptionnels chaque fois.<\/p>\n<\/div>\n\t\t<\/div><div id=\"panel-gb1082-69dfeeed9589a-2-1-1\" class=\"so-panel widget widget_text\" data-index=\"9\" ><h3 class=\"widget-title\">Soutien d&rsquo;experts<\/h3>\t\t\t<div class=\"textwidget\"><p>Notre \u00e9quipe experte est l\u00e0 pour vous assister \u00e0 chaque \u00e9tape. Avec une connaissance approfondie de l\u2019industrie et une exp\u00e9rience pratique, nous fournissons des conseils personnalis\u00e9s pour vous aider \u00e0 optimiser vos processus et \u00e0 surmonter tous les d\u00e9fis rapidement et efficacement.<\/p>\n<\/div>\n\t\t<\/div><div id=\"panel-gb1082-69dfeeed9589a-2-1-2\" class=\"so-panel widget widget_text\" data-index=\"10\" ><h3 class=\"widget-title\">Ingr\u00e9dients de premi\u00e8re qualit\u00e9<\/h3>\t\t\t<div class=\"textwidget\"><p>Nous achetons uniquement des ingr\u00e9dients de premi\u00e8re qualit\u00e9 pour garantir un go\u00fbt, une texture et une consistance exceptionnels dans chaque lot. Nos normes de qualit\u00e9 strictes et nos certifications garantissent que vous recevez des produits s\u00fbrs et fiables auxquels vous pouvez faire confiance.<\/p>\n<p>&nbsp;<\/p>\n<\/div>\n\t\t<\/div><div id=\"panel-gb1082-69dfeeed9589a-2-1-3\" class=\"so-panel widget widget_text panel-last-child\" data-index=\"11\" ><h3 class=\"widget-title\">Assistance technique<\/h3>\t\t\t<div class=\"textwidget\"><p>Notre \u00e9quipe d\u2019assistance technique est pr\u00eate \u00e0 vous soutenir avec des conseils d\u2019experts et la r\u00e9solution de probl\u00e8mes. Nous fournissons une aide compl\u00e8te, y compris l\u2019acc\u00e8s \u00e0 tous les documents techniques pertinents, pour assurer le bon d\u00e9roulement de vos op\u00e9rations.<\/p>\n<\/div>\n\t\t<\/div><\/div><\/div><\/div><\/div>\n<p><\/p>\n","protected":false},"excerpt":{"rendered":"","protected":false},"author":5,"featured_media":0,"parent":0,"menu_order":0,"comment_status":"closed","ping_status":"closed","template":"","meta":{"footnotes":""},"class_list":["post-1082","page","type-page","status-publish","hentry","post"],"yoast_head":"<!-- This site is optimized with the Yoast SEO Premium plugin v27.4 (Yoast SEO v27.4) - https:\/\/yoast.com\/product\/yoast-seo-premium-wordpress\/ -->\n<title>Fournisseur d\u2019ingr\u00e9dients de p\u00e2tisserie B2B pour votre entreprise<\/title>\n<meta name=\"description\" content=\"P\u00e2te d&#039;Amandes Edde Inc. est un fournisseur d\u2019ingr\u00e9dients de p\u00e2tisserie B2B de confiance, fournissant des ingr\u00e9dients en vrac certifi\u00e9s pour les boulangeries et les fabricants de produits alimentaires.\" \/>\n<meta name=\"robots\" content=\"index, follow, max-snippet:-1, max-image-preview:large, max-video-preview:-1\" \/>\n<link rel=\"canonical\" href=\"https:\/\/edde.ca\/fr\/index.php\/nos-clients\/\" \/>\n<meta property=\"og:locale\" content=\"fr_FR\" \/>\n<meta property=\"og:type\" content=\"article\" \/>\n<meta property=\"og:title\" content=\"Nos Clients\" \/>\n<meta property=\"og:description\" content=\"P\u00e2te d&#039;Amandes Edde Inc. est un fournisseur d\u2019ingr\u00e9dients de p\u00e2tisserie B2B de confiance, fournissant des ingr\u00e9dients en vrac certifi\u00e9s pour les boulangeries et les fabricants de produits alimentaires.\" \/>\n<meta property=\"og:url\" content=\"https:\/\/edde.ca\/fr\/index.php\/nos-clients\/\" \/>\n<meta property=\"og:site_name\" content=\"Edde Almond Paste Inc. | P\u00e2te d&#039;Amandes Edde Inc.\" \/>\n<meta property=\"article:publisher\" content=\"https:\/\/www.facebook.com\/eddealmond\/about\/\" \/>\n<meta property=\"article:modified_time\" content=\"2026-04-10T17:54:03+00:00\" \/>\n<meta property=\"og:image\" content=\"https:\/\/edde.ca\/wp-content\/uploads\/2023\/12\/variety-baked-goods-sweet-indulgence-generated-by-ai-scaled-e1769789652191.jpg\" \/>\n\t<meta property=\"og:image:width\" content=\"1080\" \/>\n\t<meta property=\"og:image:height\" content=\"617\" \/>\n\t<meta property=\"og:image:type\" content=\"image\/jpeg\" \/>\n<meta name=\"twitter:card\" content=\"summary_large_image\" \/>\n<meta name=\"twitter:label1\" content=\"Dur\u00e9e de lecture estim\u00e9e\" \/>\n\t<meta name=\"twitter:data1\" content=\"2 minutes\" \/>\n<script type=\"application\/ld+json\" class=\"yoast-schema-graph\">{\"@context\":\"https:\\\/\\\/schema.org\",\"@graph\":[{\"@type\":\"WebPage\",\"@id\":\"https:\\\/\\\/edde.ca\\\/fr\\\/index.php\\\/nos-clients\\\/\",\"url\":\"https:\\\/\\\/edde.ca\\\/fr\\\/index.php\\\/nos-clients\\\/\",\"name\":\"Fournisseur d\u2019ingr\u00e9dients de p\u00e2tisserie B2B pour votre entreprise\",\"isPartOf\":{\"@id\":\"https:\\\/\\\/edde.ca\\\/fr\\\/#website\"},\"datePublished\":\"2023-09-27T14:59:49+00:00\",\"dateModified\":\"2026-04-10T17:54:03+00:00\",\"description\":\"P\u00e2te d'Amandes Edde Inc. est un fournisseur d\u2019ingr\u00e9dients de p\u00e2tisserie B2B de confiance, fournissant des ingr\u00e9dients en vrac certifi\u00e9s pour les boulangeries et les fabricants de produits alimentaires.\",\"breadcrumb\":{\"@id\":\"https:\\\/\\\/edde.ca\\\/fr\\\/index.php\\\/nos-clients\\\/#breadcrumb\"},\"inLanguage\":\"fr-FR\",\"potentialAction\":[{\"@type\":\"ReadAction\",\"target\":[\"https:\\\/\\\/edde.ca\\\/fr\\\/index.php\\\/nos-clients\\\/\"]}]},{\"@type\":\"BreadcrumbList\",\"@id\":\"https:\\\/\\\/edde.ca\\\/fr\\\/index.php\\\/nos-clients\\\/#breadcrumb\",\"itemListElement\":[{\"@type\":\"ListItem\",\"position\":1,\"name\":\"Home\",\"item\":\"https:\\\/\\\/edde.ca\\\/fr\\\/index.php\\\/accueil-2\\\/\"},{\"@type\":\"ListItem\",\"position\":2,\"name\":\"Nos Clients\"}]},{\"@type\":\"WebSite\",\"@id\":\"https:\\\/\\\/edde.ca\\\/fr\\\/#website\",\"url\":\"https:\\\/\\\/edde.ca\\\/fr\\\/\",\"name\":\"Edde Almond Paste Inc. | P\u00e2te d'Amandes Edde Inc.\",\"description\":\"\",\"publisher\":{\"@id\":\"https:\\\/\\\/edde.ca\\\/fr\\\/#organization\"},\"potentialAction\":[{\"@type\":\"SearchAction\",\"target\":{\"@type\":\"EntryPoint\",\"urlTemplate\":\"https:\\\/\\\/edde.ca\\\/fr\\\/?s={search_term_string}\"},\"query-input\":{\"@type\":\"PropertyValueSpecification\",\"valueRequired\":true,\"valueName\":\"search_term_string\"}}],\"inLanguage\":\"fr-FR\"},{\"@type\":\"Organization\",\"@id\":\"https:\\\/\\\/edde.ca\\\/fr\\\/#organization\",\"name\":\"Edde Almond Paste Inc.\",\"alternateName\":\"Edde Almond Paste Inc.\",\"url\":\"https:\\\/\\\/edde.ca\\\/fr\\\/\",\"logo\":{\"@type\":\"ImageObject\",\"inLanguage\":\"fr-FR\",\"@id\":\"https:\\\/\\\/edde.ca\\\/fr\\\/#\\\/schema\\\/logo\\\/image\\\/\",\"url\":\"https:\\\/\\\/edde.ca\\\/wp-content\\\/uploads\\\/2023\\\/09\\\/Icon.png\",\"contentUrl\":\"https:\\\/\\\/edde.ca\\\/wp-content\\\/uploads\\\/2023\\\/09\\\/Icon.png\",\"width\":512,\"height\":512,\"caption\":\"Edde Almond Paste Inc.\"},\"image\":{\"@id\":\"https:\\\/\\\/edde.ca\\\/fr\\\/#\\\/schema\\\/logo\\\/image\\\/\"},\"sameAs\":[\"https:\\\/\\\/www.facebook.com\\\/eddealmond\\\/about\\\/\"],\"description\":\"Edde Almond Paste Inc. is a Canadian food manufacturing company specializing in the production of high-quality almond paste, nut-based fillings for the bakery, confectionery, and foodservice industries. With a strong focus on consistency, food safety, and product performance, Edde Almond Paste Inc. serves industrial, wholesale, and professional customers across Canada and international markets. The company is committed to meeting the highest industry standards and operates in compliance with applicable regulatory and food safety requirements. Edde Almond Paste Inc. emphasizes rigorous quality control, traceability, and reliable supply to support its customers\u2019 production needs. Its product portfolio is developed to deliver dependable texture, flavor, and functionality in a wide range of applications, including pastries, cookies, cakes, chocolates, and specialty desserts. Driven by a customer-focused approach, Edde Almond Paste Inc. collaborates closely with its partners to provide tailored solutions, responsive service, and long-term value. The company combines technical expertise with operational excellence to position itself as a trusted supplier in the nut paste and specialty ingredient sector.\",\"email\":\"info@edde.ca\",\"telephone\":\"8196693636\",\"legalName\":\"Edde Almond Paste Inc.\",\"numberOfEmployees\":{\"@type\":\"QuantitativeValue\",\"minValue\":\"11\",\"maxValue\":\"50\"}}]}<\/script>\n<!-- \/ Yoast SEO Premium plugin. -->","yoast_head_json":{"title":"Fournisseur d\u2019ingr\u00e9dients de p\u00e2tisserie B2B pour votre entreprise","description":"P\u00e2te d'Amandes Edde Inc. est un fournisseur d\u2019ingr\u00e9dients de p\u00e2tisserie B2B de confiance, fournissant des ingr\u00e9dients en vrac certifi\u00e9s pour les boulangeries et les fabricants de produits alimentaires.","robots":{"index":"index","follow":"follow","max-snippet":"max-snippet:-1","max-image-preview":"max-image-preview:large","max-video-preview":"max-video-preview:-1"},"canonical":"https:\/\/edde.ca\/fr\/index.php\/nos-clients\/","og_locale":"fr_FR","og_type":"article","og_title":"Nos Clients","og_description":"P\u00e2te d'Amandes Edde Inc. est un fournisseur d\u2019ingr\u00e9dients de p\u00e2tisserie B2B de confiance, fournissant des ingr\u00e9dients en vrac certifi\u00e9s pour les boulangeries et les fabricants de produits alimentaires.","og_url":"https:\/\/edde.ca\/fr\/index.php\/nos-clients\/","og_site_name":"Edde Almond Paste Inc. | P\u00e2te d&#039;Amandes Edde Inc.","article_publisher":"https:\/\/www.facebook.com\/eddealmond\/about\/","article_modified_time":"2026-04-10T17:54:03+00:00","og_image":[{"width":1080,"height":617,"url":"https:\/\/edde.ca\/wp-content\/uploads\/2023\/12\/variety-baked-goods-sweet-indulgence-generated-by-ai-scaled-e1769789652191.jpg","type":"image\/jpeg"}],"twitter_card":"summary_large_image","twitter_misc":{"Dur\u00e9e de lecture estim\u00e9e":"2 minutes"},"schema":{"@context":"https:\/\/schema.org","@graph":[{"@type":"WebPage","@id":"https:\/\/edde.ca\/fr\/index.php\/nos-clients\/","url":"https:\/\/edde.ca\/fr\/index.php\/nos-clients\/","name":"Fournisseur d\u2019ingr\u00e9dients de p\u00e2tisserie B2B pour votre entreprise","isPartOf":{"@id":"https:\/\/edde.ca\/fr\/#website"},"datePublished":"2023-09-27T14:59:49+00:00","dateModified":"2026-04-10T17:54:03+00:00","description":"P\u00e2te d'Amandes Edde Inc. est un fournisseur d\u2019ingr\u00e9dients de p\u00e2tisserie B2B de confiance, fournissant des ingr\u00e9dients en vrac certifi\u00e9s pour les boulangeries et les fabricants de produits alimentaires.","breadcrumb":{"@id":"https:\/\/edde.ca\/fr\/index.php\/nos-clients\/#breadcrumb"},"inLanguage":"fr-FR","potentialAction":[{"@type":"ReadAction","target":["https:\/\/edde.ca\/fr\/index.php\/nos-clients\/"]}]},{"@type":"BreadcrumbList","@id":"https:\/\/edde.ca\/fr\/index.php\/nos-clients\/#breadcrumb","itemListElement":[{"@type":"ListItem","position":1,"name":"Home","item":"https:\/\/edde.ca\/fr\/index.php\/accueil-2\/"},{"@type":"ListItem","position":2,"name":"Nos Clients"}]},{"@type":"WebSite","@id":"https:\/\/edde.ca\/fr\/#website","url":"https:\/\/edde.ca\/fr\/","name":"Edde Almond Paste Inc. | P\u00e2te d'Amandes Edde Inc.","description":"","publisher":{"@id":"https:\/\/edde.ca\/fr\/#organization"},"potentialAction":[{"@type":"SearchAction","target":{"@type":"EntryPoint","urlTemplate":"https:\/\/edde.ca\/fr\/?s={search_term_string}"},"query-input":{"@type":"PropertyValueSpecification","valueRequired":true,"valueName":"search_term_string"}}],"inLanguage":"fr-FR"},{"@type":"Organization","@id":"https:\/\/edde.ca\/fr\/#organization","name":"Edde Almond Paste Inc.","alternateName":"Edde Almond Paste Inc.","url":"https:\/\/edde.ca\/fr\/","logo":{"@type":"ImageObject","inLanguage":"fr-FR","@id":"https:\/\/edde.ca\/fr\/#\/schema\/logo\/image\/","url":"https:\/\/edde.ca\/wp-content\/uploads\/2023\/09\/Icon.png","contentUrl":"https:\/\/edde.ca\/wp-content\/uploads\/2023\/09\/Icon.png","width":512,"height":512,"caption":"Edde Almond Paste Inc."},"image":{"@id":"https:\/\/edde.ca\/fr\/#\/schema\/logo\/image\/"},"sameAs":["https:\/\/www.facebook.com\/eddealmond\/about\/"],"description":"Edde Almond Paste Inc. is a Canadian food manufacturing company specializing in the production of high-quality almond paste, nut-based fillings for the bakery, confectionery, and foodservice industries. With a strong focus on consistency, food safety, and product performance, Edde Almond Paste Inc. serves industrial, wholesale, and professional customers across Canada and international markets. The company is committed to meeting the highest industry standards and operates in compliance with applicable regulatory and food safety requirements. Edde Almond Paste Inc. emphasizes rigorous quality control, traceability, and reliable supply to support its customers\u2019 production needs. Its product portfolio is developed to deliver dependable texture, flavor, and functionality in a wide range of applications, including pastries, cookies, cakes, chocolates, and specialty desserts. Driven by a customer-focused approach, Edde Almond Paste Inc. collaborates closely with its partners to provide tailored solutions, responsive service, and long-term value. The company combines technical expertise with operational excellence to position itself as a trusted supplier in the nut paste and specialty ingredient sector.","email":"info@edde.ca","telephone":"8196693636","legalName":"Edde Almond Paste Inc.","numberOfEmployees":{"@type":"QuantitativeValue","minValue":"11","maxValue":"50"}}]}},"_links":{"self":[{"href":"https:\/\/edde.ca\/fr\/index.php\/wp-json\/wp\/v2\/pages\/1082","targetHints":{"allow":["GET"]}}],"collection":[{"href":"https:\/\/edde.ca\/fr\/index.php\/wp-json\/wp\/v2\/pages"}],"about":[{"href":"https:\/\/edde.ca\/fr\/index.php\/wp-json\/wp\/v2\/types\/page"}],"author":[{"embeddable":true,"href":"https:\/\/edde.ca\/fr\/index.php\/wp-json\/wp\/v2\/users\/5"}],"replies":[{"embeddable":true,"href":"https:\/\/edde.ca\/fr\/index.php\/wp-json\/wp\/v2\/comments?post=1082"}],"version-history":[{"count":0,"href":"https:\/\/edde.ca\/fr\/index.php\/wp-json\/wp\/v2\/pages\/1082\/revisions"}],"wp:attachment":[{"href":"https:\/\/edde.ca\/fr\/index.php\/wp-json\/wp\/v2\/media?parent=1082"}],"curies":[{"name":"wp","href":"https:\/\/api.w.org\/{rel}","templated":true}]}}