{"id":1037,"date":"2023-09-27T15:18:18","date_gmt":"2023-09-27T20:18:18","guid":{"rendered":"https:\/\/edde.ca\/index.php\/contactez-nous\/"},"modified":"2026-04-10T12:54:51","modified_gmt":"2026-04-10T17:54:51","slug":"contactez-nous","status":"publish","type":"page","link":"https:\/\/edde.ca\/fr\/index.php\/contactez-nous\/","title":{"rendered":"Contactez-nous"},"content":{"rendered":"<div id=\"pl-gb1037-69dca7208fffd\"  class=\"panel-layout wp-block-siteorigin-panels-layout-block\" ><div id=\"pg-gb1037-69dca7208fffd-0\"  class=\"panel-grid panel-has-style\" ><div class=\"so-parallax siteorigin-panels-stretch panel-row-style panel-row-style-for-gb1037-69dca7208fffd-0\" data-stretch-type=\"full\" ><picture class=\"ngio-picture\"><source type=\"image\/avif\" srcset=\"https:\/\/edde.ca\/wp-content\/uploads\/2023\/09\/Chef.jpg.avif\"><picture class=\"ngio-picture\"><source type=\"image\/avif\" srcset=\"https:\/\/edde.ca\/wp-content\/uploads\/2023\/09\/Chef.jpg.avif\"><img fetchpriority=\"high\" decoding=\"async\" width=\"1080\" height=\"608\" src=\"https:\/\/edde.ca\/wp-content\/uploads\/2023\/09\/Chef.jpg\" class=\"attachment-full size-full\" alt=\"\" data-siteorigin-parallax=\"true\" loading=\"eager\" srcset=\"https:\/\/edde.ca\/wp-content\/uploads\/2023\/09\/Chef.jpg 1080w, https:\/\/edde.ca\/wp-content\/uploads\/2023\/09\/Chef-300x169.jpg 300w, https:\/\/edde.ca\/wp-content\/uploads\/2023\/09\/Chef-1024x576.jpg 1024w, https:\/\/edde.ca\/wp-content\/uploads\/2023\/09\/Chef-768x432.jpg 768w, https:\/\/edde.ca\/wp-content\/uploads\/2023\/09\/Chef-1536x864.jpg 1536w, https:\/\/edde.ca\/wp-content\/uploads\/2023\/09\/Chef-225x127.jpg 225w\" sizes=\"(max-width: 1080px) 100vw, 1080px\" \/><\/picture><\/picture><div id=\"pgc-gb1037-69dca7208fffd-0-0\"  class=\"panel-grid-cell panel-grid-cell-mobile-last\" ><div class=\"panel-cell-style panel-cell-style-for-gb1037-69dca7208fffd-0-0\" ><div id=\"panel-gb1037-69dca7208fffd-0-0-0\" class=\"so-panel widget widget_sow-headline panel-first-child\" data-index=\"0\" ><div\n\t\t\t\n\t\t\tclass=\"so-widget-sow-headline so-widget-sow-headline-default-ec1eb4cebc48-1037\"\n\t\t\t\n\t\t><div class=\"sow-headline-container \">\n\t\t\t\t\t\t\t<h2 class=\"sow-headline\">\n\t\t\t\t\t\tContactez-nous!\t\t\t\t\t\t<\/h2>\n\t\t\t\t\t\t\t\t\t\t\t<div class=\"decoration\">\n\t\t\t\t\t\t<div class=\"decoration-inside\"><\/div>\n\t\t\t\t\t<\/div>\n\t\t\t\t\t<\/div>\n<\/div><\/div><div id=\"panel-gb1037-69dca7208fffd-0-0-1\" class=\"so-panel widget widget_text panel-last-child\" data-index=\"1\" ><div class=\"so-rounded panel-widget-style panel-widget-style-for-gb1037-69dca7208fffd-0-0-1\" >\t\t\t<div class=\"textwidget\"><p data-start=\"183\" data-end=\"263\"><strong data-start=\"183\" data-end=\"263\">Contactez Edde | Fournisseur canadien de p\u00e2te d&rsquo;amandes et d&rsquo;ingr\u00e9dients de p\u00e2tisseries<\/strong><\/p>\n<p data-start=\"265\" data-end=\"452\">Vous cherchez un <strong data-start=\"288\" data-end=\"322\">fournisseur canadien de p\u00e2te d&rsquo;amande<\/strong> fiable? Chez <strong data-start=\"327\" data-end=\"369\">P\u00e2te d&rsquo;Amandes Edde Inc.<\/strong>, nous fournissons de la p\u00e2te d&rsquo;amande de haute qualit\u00e9 et des solutions de cuisson adapt\u00e9es \u00e0 vos besoins. <\/p>\n<p data-start=\"454\" data-end=\"619\">Que vous soyez une petite p\u00e2tisseries ou un grand fabricant de produits alimentaires, Edde est l\u00e0 pour vous aider. Nous savons que la <strong data-start=\"549\" data-end=\"589\">qualit\u00e9, la coh\u00e9rence et l&rsquo;innovation<\/strong> sont les cl\u00e9s de la r\u00e9ussite des produits de boulangerie. <\/p>\n<p data-start=\"621\" data-end=\"929\">En tant que <strong data-start=\"634\" data-end=\"663\">fabricant de p\u00e2te d&rsquo;amandes<\/strong> de confiance, nous proposons une large gamme d&rsquo;<strong data-start=\"690\" data-end=\"720\">ingr\u00e9dients de p\u00e2tisseries de qualit\u00e9 sup\u00e9rieure<\/strong>. Nos produits r\u00e9pondent \u00e0 des normes strictes en mati\u00e8re de <strong data-start=\"761\" data-end=\"795\">go\u00fbt, de s\u00e9curit\u00e9 et de performance<\/strong>. Gr\u00e2ce \u00e0 notre fabrication en interne, nous pouvons cr\u00e9er des <strong data-start=\"849\" data-end=\"872\">p\u00e2tes d&rsquo;amandes et des solutions de boulangerie sur mesure<\/strong> qui r\u00e9pondent \u00e0 vos objectifs de production.  <\/p>\n<h3 data-start=\"931\" data-end=\"954\">Pourquoi travailler avec Edde ?<\/h3>\n<ul data-start=\"956\" data-end=\"1131\">\n<li data-start=\"956\" data-end=\"980\">\n<p data-start=\"958\" data-end=\"980\">Une assistance rapide et experte<\/p>\n<\/li>\n<li data-start=\"981\" data-end=\"1016\">\n<p data-start=\"983\" data-end=\"1016\"><strong data-start=\"983\" data-end=\"1014\">Solutions personnalis\u00e9es en mati\u00e8re d&rsquo;ingr\u00e9dients<\/strong><\/p>\n<\/li>\n<li data-start=\"1017\" data-end=\"1050\">\n<p data-start=\"1019\" data-end=\"1050\">Un approvisionnement fiable dans tout le Canada<\/p>\n<\/li>\n<li data-start=\"1051\" data-end=\"1131\">\n<p data-start=\"1053\" data-end=\"1131\">Certifi\u00e9 : <a href=\"https:\/\/www.fssc.com\/fssc-22000\/\"><strong data-start=\"1064\" data-end=\"1078\">FSSC 22000<\/strong><\/a>, <a href=\"https:\/\/www.ecocert.com\/en-CA\/home\"><strong data-start=\"1080\" data-end=\"1091\">Ecocert<\/strong><\/a>et <a href=\"https:\/\/www.ovhkosher.ca\/\"><strong data-start=\"1097\" data-end=\"1131\">Pareve (Ottawa Vaad Hakashrut)<\/strong><\/a><\/p>\n<\/li>\n<\/ul>\n<p data-start=\"1133\" data-end=\"1324\">En outre, notre \u00e9quipe est pr\u00eate \u00e0 vous aider \u00e0 choisir les bons ingr\u00e9dients, \u00e0 vous envoyer des \u00e9chantillons ou \u00e0 vous fournir des conseils techniques. Notre objectif est de construire des partenariats solides bas\u00e9s sur la confiance, la qualit\u00e9 et le service. <\/p>\n<p data-start=\"1326\" data-end=\"1453\">Pour en savoir plus, visitez notre page \u00a0\u00bb <a class=\"\" href=\"https:\/\/edde.ca\/fr\/index.php\/a-propos-de-nous\/\" rel=\"noopener\" data-start=\"1351\" data-end=\"1364\">\u00c0 propos de nous\u00a0\u00bb<\/a>. Vous y trouverez des informations sur nos certifications et notre engagement en faveur du d\u00e9veloppement durable. <\/p>\n<p data-start=\"1455\" data-end=\"1616\"><strong data-start=\"1455\" data-end=\"1482\">Faites \u00e9quipe avec Edde d\u00e8s aujourd&rsquo;hui<\/strong> &#8211; votre source canadienne fiable pour la <strong data-start=\"1519\" data-end=\"1558\">p\u00e2te d&rsquo;amandes et les ingr\u00e9dients de p\u00e2tisseries<\/strong>. Laissez-nous vous aider \u00e0 faire passer vos douceurs au niveau sup\u00e9rieur. <\/p>\n<\/div>\n\t\t<\/div><\/div><\/div><\/div><div id=\"pgc-gb1037-69dca7208fffd-0-1\"  class=\"panel-grid-cell panel-grid-cell-empty\" ><\/div><\/div><\/div><div id=\"pg-gb1037-69dca7208fffd-1\"  class=\"panel-grid panel-has-style\" ><div class=\"siteorigin-panels-stretch panel-row-style panel-row-style-for-gb1037-69dca7208fffd-1\" data-stretch-type=\"full\" ><div id=\"pgc-gb1037-69dca7208fffd-1-0\"  class=\"panel-grid-cell\" ><div id=\"panel-gb1037-69dca7208fffd-1-0-0\" class=\"so-panel widget widget_sow-headline panel-first-child\" data-index=\"2\" ><div\n\t\t\t\n\t\t\tclass=\"so-widget-sow-headline so-widget-sow-headline-default-4a14ae978020-1037\"\n\t\t\t\n\t\t><div class=\"sow-headline-container \">\n\t\t\t\t\t\t\t<h2 class=\"sow-headline\">\n\t\t\t\t\t\tEnvoie-nous un message\t\t\t\t\t\t<\/h2>\n\t\t\t\t\t\t<\/div>\n<\/div><\/div><div id=\"panel-gb1037-69dca7208fffd-1-0-1\" class=\"so-panel widget widget_sow-contact-form panel-last-child\" data-index=\"3\" ><div\n\t\t\t\n\t\t\tclass=\"so-widget-sow-contact-form so-widget-sow-contact-form-default-c1259b8541b5-1037\"\n\t\t\t\n\t\t>\t<form\n\t\taction=\"\/fr\/index.php\/wp-json\/wp\/v2\/pages\/1037\"\n\t\tmethod=\"POST\"\n\t\tclass=\"sow-contact-form\"\n\t\tid=\"contact-form-e0ab\"\n\t>\n\n\t\t\n\t\t\t\t\t<div class=\"sow-form-field sow-form-field-name\">\n\t\t\t\t<label class=\"sow-form-field-label-above\" for=\"sow-contact-form-field-votre-nom-1\">\n\t\t\t\t<strong>\n\t\t\t\t\tVotre nom\t\t\t\t\t\t\t\t\t<\/strong>\n\t\t\t<\/label>\n\t\t\t\t\t\t\t<div class=\"sow-field-container\">\n\t\t\t\t\t\t\t<input\n\t\t\ttype=\"text\"\n\t\t\tname=\"votre-nom-1\"\n\t\t\tid=\"sow-contact-form-field-votre-nom-1\"\n\t\t\tvalue=\"\"\n\t\t\tclass=\"sow-text-field\"\n\t\t\t\t\t\t\t\t\/>\n\t\t\t\t\t\t<\/div>\n\t\t\t\t\t\t\t<\/div>\n\t\t\t\t\t\t<div class=\"sow-form-field sow-form-field-email\">\n\t\t\t\t<label class=\"sow-form-field-label-above\" for=\"sow-contact-form-field-votre-courriel-1\">\n\t\t\t\t<strong>\n\t\t\t\t\tVotre courriel\t\t\t\t\t\t\t\t\t<\/strong>\n\t\t\t<\/label>\n\t\t\t\t\t\t\t<div class=\"sow-field-container\">\n\t\t\t\t\t\t\t<input\n\t\t\ttype=\"email\"\n\t\t\tname=\"votre-courriel-1\"\n\t\t\tid=\"sow-contact-form-field-votre-courriel-1\"\n\t\t\tvalue=\"\"\n\t\t\tclass=\"sow-text-field\"\t\t\t\t\t\t\t\t\/>\n\t\t\t\t\t\t<\/div>\n\t\t\t\t\t\t\t<\/div>\n\t\t\t\t\t\t<div class=\"sow-form-field sow-form-field-subject\">\n\t\t\t\t<label class=\"sow-form-field-label-above\" for=\"sow-contact-form-field-sujet-1\">\n\t\t\t\t<strong>\n\t\t\t\t\tSujet\t\t\t\t\t\t\t\t\t<\/strong>\n\t\t\t<\/label>\n\t\t\t\t\t\t\t<div class=\"sow-field-container\">\n\t\t\t\t\t\t\t<input\n\t\t\ttype=\"text\"\n\t\t\tname=\"sujet-1\"\n\t\t\tid=\"sow-contact-form-field-sujet-1\"\n\t\t\tvalue=\"\"\n\t\t\tclass=\"sow-text-field\"\n\t\t\t\t\t\t\t\t\/>\n\t\t\t\t\t\t<\/div>\n\t\t\t\t\t\t\t<\/div>\n\t\t\t\t\t\t<div class=\"sow-form-field sow-form-field-textarea\">\n\t\t\t\t<label class=\"sow-form-field-label-above\" for=\"sow-contact-form-field-message-1\">\n\t\t\t\t<strong>\n\t\t\t\t\tMessage\t\t\t\t\t\t\t\t\t<\/strong>\n\t\t\t<\/label>\n\t\t\t\t\t\t\t<div class=\"sow-field-container\">\n\t\t\t\t\t\t\t<textarea\n\t\t\tname=\"message-1\"\n\t\t\tid=\"sow-contact-form-field-message-1\"\n\t\t\trows=\"10\"\n\t\t\t\t\t\t\t\t><\/textarea>\n\t\t\t\t\t\t<\/div>\n\t\t\t\t\t\t\t<\/div>\n\t\t\t\t\t\t<input\n\t\t\t\ttype=\"text\"\n\t\t\t\tname=\"sow-name\"\n\t\t\t\tclass=\"sow-text-field\"\n\t\t\t\tstyle=\"display: none !important; visibility: hidden !important;\"\n\t\t\t\tautocomplete=\"off\"\n\t\t\t\taria-hidden=\"true\"\n\t\t\t>\n\t\t\n\t\t\n\t\t<div class=\"sow-submit-wrapper \n\t\t\t\t\">\n\n\t\t\t<button\n\t\t\t\ttype=\"submit\"\n\t\t\t\tclass=\"sow-submit\n\t\t\t\t\t\t\t\t\"\n\t\t\t\tdata-js-key=\"c4ca4238a0b923820dcc509a6f75849b\" \t\t\t>\n\t\t\t\tContactez-nous\t\t\t<\/button>\n\t\t<\/div>\n\t\t\t\t<input\n\t\t\ttype=\"hidden\"\n\t\t\tname=\"instance_hash-1\"\n\t\t\tvalue=\"e0ab0aa1\"\n\t\t\/>\n\n\t\t<input type=\"hidden\" id=\"_wpnonce\" name=\"_wpnonce\" value=\"fa213134ab\" \/><input type=\"hidden\" name=\"_wp_http_referer\" value=\"\/fr\/index.php\/wp-json\/wp\/v2\/pages\/1037\" \/>\t<\/form>\n\t<\/div><\/div><\/div><div id=\"pgc-gb1037-69dca7208fffd-1-1\"  class=\"panel-grid-cell\" ><div id=\"panel-gb1037-69dca7208fffd-1-1-0\" class=\"so-panel widget widget_sow-headline panel-first-child\" data-index=\"4\" ><div\n\t\t\t\n\t\t\tclass=\"so-widget-sow-headline so-widget-sow-headline-default-4a14ae978020-1037\"\n\t\t\t\n\t\t><div class=\"sow-headline-container \">\n\t\t\t\t\t\t\t<h2 class=\"sow-headline\">\n\t\t\t\t\t\tCoordonn\u00e9es\t\t\t\t\t\t<\/h2>\n\t\t\t\t\t\t<\/div>\n<\/div><\/div><div id=\"panel-gb1037-69dca7208fffd-1-1-1\" class=\"so-panel widget widget_sow-editor panel-last-child\" data-index=\"5\" ><div\n\t\t\t\n\t\t\tclass=\"so-widget-sow-editor so-widget-sow-editor-base\"\n\t\t\t\n\t\t>\n<div class=\"siteorigin-widget-tinymce textwidget\">\n\t<p><strong><em><span style=\"color: #818181;\">P\u00e2te d&rsquo;Amandes Edde, Inc.<\/span><\/em><\/strong><br \/>\n<em><span style=\"color: #818181;\">167, boul. de l&rsquo;A\u00e9roport<\/span><\/em><br \/>\n<em><span style=\"color: #818181;\">Gatineau, Qu\u00e9bec<\/span><\/em><br \/>\n<em><span style=\"color: #818181;\">Canada<\/span><\/em><br \/>\n<em><span style=\"color: #818181;\">J8R 3X1<\/span><\/em><\/p>\n<p><strong>T\u00e9l\u00e9phonez-nous<\/strong><br \/>\n<em><span style=\"color: #818181;\">1-819-669-3636<\/span><\/em><\/p>\n<p><strong>Envoyez-nous un courriel<\/strong><br \/>\n<em><span style=\"color: #818181;\">info@edde.ca<\/span><\/em><\/p>\n<\/div>\n<\/div><\/div><\/div><\/div><\/div><\/div>","protected":false},"excerpt":{"rendered":"<p>Contactez Edde | Fournisseur canadien de p\u00e2te d&rsquo;amandes et d&rsquo;ingr\u00e9dients de p\u00e2tisseries Vous cherchez un fournisseur canadien de p\u00e2te d&rsquo;amande fiable? Chez P\u00e2te d&rsquo;Amandes Edde Inc., nous fournissons de la p\u00e2te d&rsquo;amande de haute qualit\u00e9 et des solutions de cuisson adapt\u00e9es \u00e0 vos besoins. Que vous soyez une petite p\u00e2tisseries ou un grand fabricant de [&hellip;]<\/p>\n","protected":false},"author":5,"featured_media":0,"parent":0,"menu_order":0,"comment_status":"closed","ping_status":"closed","template":"","meta":{"footnotes":""},"class_list":["post-1037","page","type-page","status-publish","hentry","post"],"yoast_head":"<!-- This site is optimized with the Yoast SEO Premium plugin v27.3 (Yoast SEO v27.3) - https:\/\/yoast.com\/product\/yoast-seo-premium-wordpress\/ -->\n<title>Entrez contact | P\u00e2te d&#039;Amandes Edde Inc.<\/title>\n<meta name=\"description\" content=\"Contactez P\u00e2te d&#039;Amandes Edde Inc. pour obtenir des ingr\u00e9dients de p\u00e2tisseries de haute qualit\u00e9 adapt\u00e9s \u00e0 vos besoins uniques p\u00e2tissiers.\" \/>\n<meta name=\"robots\" content=\"index, follow, max-snippet:-1, max-image-preview:large, max-video-preview:-1\" \/>\n<link rel=\"canonical\" href=\"https:\/\/edde.ca\/fr\/index.php\/contactez-nous\/\" \/>\n<meta property=\"og:locale\" content=\"fr_FR\" \/>\n<meta property=\"og:type\" content=\"article\" \/>\n<meta property=\"og:title\" content=\"Contactez-nous\" \/>\n<meta property=\"og:description\" content=\"Contactez P\u00e2te d&#039;Amandes Edde Inc. pour obtenir des ingr\u00e9dients de p\u00e2tisseries de haute qualit\u00e9 adapt\u00e9s \u00e0 vos besoins uniques p\u00e2tissiers.\" \/>\n<meta property=\"og:url\" content=\"https:\/\/edde.ca\/fr\/index.php\/contactez-nous\/\" \/>\n<meta property=\"og:site_name\" content=\"Edde Almond Paste Inc. | P\u00e2te d&#039;Amandes Edde Inc.\" \/>\n<meta property=\"article:publisher\" content=\"https:\/\/www.facebook.com\/eddealmond\/about\/\" \/>\n<meta property=\"article:modified_time\" content=\"2026-04-10T17:54:51+00:00\" \/>\n<meta property=\"og:image\" content=\"https:\/\/edde.ca\/wp-content\/uploads\/2023\/12\/variety-baked-goods-sweet-indulgence-generated-by-ai-scaled-e1769789652191.jpg\" \/>\n\t<meta property=\"og:image:width\" content=\"1080\" \/>\n\t<meta property=\"og:image:height\" content=\"617\" \/>\n\t<meta property=\"og:image:type\" content=\"image\/jpeg\" \/>\n<meta name=\"twitter:card\" content=\"summary_large_image\" \/>\n<script type=\"application\/ld+json\" class=\"yoast-schema-graph\">{\"@context\":\"https:\\\/\\\/schema.org\",\"@graph\":[{\"@type\":\"WebPage\",\"@id\":\"https:\\\/\\\/edde.ca\\\/fr\\\/index.php\\\/contactez-nous\\\/\",\"url\":\"https:\\\/\\\/edde.ca\\\/fr\\\/index.php\\\/contactez-nous\\\/\",\"name\":\"Entrez contact | P\u00e2te d'Amandes Edde Inc.\",\"isPartOf\":{\"@id\":\"https:\\\/\\\/edde.ca\\\/fr\\\/#website\"},\"datePublished\":\"2023-09-27T20:18:18+00:00\",\"dateModified\":\"2026-04-10T17:54:51+00:00\",\"description\":\"Contactez P\u00e2te d'Amandes Edde Inc. pour obtenir des ingr\u00e9dients de p\u00e2tisseries de haute qualit\u00e9 adapt\u00e9s \u00e0 vos besoins uniques p\u00e2tissiers.\",\"breadcrumb\":{\"@id\":\"https:\\\/\\\/edde.ca\\\/fr\\\/index.php\\\/contactez-nous\\\/#breadcrumb\"},\"inLanguage\":\"fr-FR\",\"potentialAction\":[{\"@type\":\"ReadAction\",\"target\":[\"https:\\\/\\\/edde.ca\\\/fr\\\/index.php\\\/contactez-nous\\\/\"]}]},{\"@type\":\"BreadcrumbList\",\"@id\":\"https:\\\/\\\/edde.ca\\\/fr\\\/index.php\\\/contactez-nous\\\/#breadcrumb\",\"itemListElement\":[{\"@type\":\"ListItem\",\"position\":1,\"name\":\"Home\",\"item\":\"https:\\\/\\\/edde.ca\\\/fr\\\/index.php\\\/accueil-2\\\/\"},{\"@type\":\"ListItem\",\"position\":2,\"name\":\"Contactez-nous\"}]},{\"@type\":\"WebSite\",\"@id\":\"https:\\\/\\\/edde.ca\\\/fr\\\/#website\",\"url\":\"https:\\\/\\\/edde.ca\\\/fr\\\/\",\"name\":\"Edde Almond Paste Inc. | P\u00e2te d'Amandes Edde Inc.\",\"description\":\"\",\"publisher\":{\"@id\":\"https:\\\/\\\/edde.ca\\\/fr\\\/#organization\"},\"potentialAction\":[{\"@type\":\"SearchAction\",\"target\":{\"@type\":\"EntryPoint\",\"urlTemplate\":\"https:\\\/\\\/edde.ca\\\/fr\\\/?s={search_term_string}\"},\"query-input\":{\"@type\":\"PropertyValueSpecification\",\"valueRequired\":true,\"valueName\":\"search_term_string\"}}],\"inLanguage\":\"fr-FR\"},{\"@type\":\"Organization\",\"@id\":\"https:\\\/\\\/edde.ca\\\/fr\\\/#organization\",\"name\":\"Edde Almond Paste Inc.\",\"alternateName\":\"Edde Almond Paste Inc.\",\"url\":\"https:\\\/\\\/edde.ca\\\/fr\\\/\",\"logo\":{\"@type\":\"ImageObject\",\"inLanguage\":\"fr-FR\",\"@id\":\"https:\\\/\\\/edde.ca\\\/fr\\\/#\\\/schema\\\/logo\\\/image\\\/\",\"url\":\"https:\\\/\\\/edde.ca\\\/wp-content\\\/uploads\\\/2023\\\/09\\\/Icon.png\",\"contentUrl\":\"https:\\\/\\\/edde.ca\\\/wp-content\\\/uploads\\\/2023\\\/09\\\/Icon.png\",\"width\":512,\"height\":512,\"caption\":\"Edde Almond Paste Inc.\"},\"image\":{\"@id\":\"https:\\\/\\\/edde.ca\\\/fr\\\/#\\\/schema\\\/logo\\\/image\\\/\"},\"sameAs\":[\"https:\\\/\\\/www.facebook.com\\\/eddealmond\\\/about\\\/\"],\"description\":\"Edde Almond Paste Inc. is a Canadian food manufacturing company specializing in the production of high-quality almond paste, nut-based fillings for the bakery, confectionery, and foodservice industries. With a strong focus on consistency, food safety, and product performance, Edde Almond Paste Inc. serves industrial, wholesale, and professional customers across Canada and international markets. The company is committed to meeting the highest industry standards and operates in compliance with applicable regulatory and food safety requirements. Edde Almond Paste Inc. emphasizes rigorous quality control, traceability, and reliable supply to support its customers\u2019 production needs. Its product portfolio is developed to deliver dependable texture, flavor, and functionality in a wide range of applications, including pastries, cookies, cakes, chocolates, and specialty desserts. Driven by a customer-focused approach, Edde Almond Paste Inc. collaborates closely with its partners to provide tailored solutions, responsive service, and long-term value. The company combines technical expertise with operational excellence to position itself as a trusted supplier in the nut paste and specialty ingredient sector.\",\"email\":\"info@edde.ca\",\"telephone\":\"8196693636\",\"legalName\":\"Edde Almond Paste Inc.\",\"numberOfEmployees\":{\"@type\":\"QuantitativeValue\",\"minValue\":\"11\",\"maxValue\":\"50\"}}]}<\/script>\n<!-- \/ Yoast SEO Premium plugin. -->","yoast_head_json":{"title":"Entrez contact | P\u00e2te d'Amandes Edde Inc.","description":"Contactez P\u00e2te d'Amandes Edde Inc. pour obtenir des ingr\u00e9dients de p\u00e2tisseries de haute qualit\u00e9 adapt\u00e9s \u00e0 vos besoins uniques p\u00e2tissiers.","robots":{"index":"index","follow":"follow","max-snippet":"max-snippet:-1","max-image-preview":"max-image-preview:large","max-video-preview":"max-video-preview:-1"},"canonical":"https:\/\/edde.ca\/fr\/index.php\/contactez-nous\/","og_locale":"fr_FR","og_type":"article","og_title":"Contactez-nous","og_description":"Contactez P\u00e2te d'Amandes Edde Inc. pour obtenir des ingr\u00e9dients de p\u00e2tisseries de haute qualit\u00e9 adapt\u00e9s \u00e0 vos besoins uniques p\u00e2tissiers.","og_url":"https:\/\/edde.ca\/fr\/index.php\/contactez-nous\/","og_site_name":"Edde Almond Paste Inc. | P\u00e2te d&#039;Amandes Edde Inc.","article_publisher":"https:\/\/www.facebook.com\/eddealmond\/about\/","article_modified_time":"2026-04-10T17:54:51+00:00","og_image":[{"width":1080,"height":617,"url":"https:\/\/edde.ca\/wp-content\/uploads\/2023\/12\/variety-baked-goods-sweet-indulgence-generated-by-ai-scaled-e1769789652191.jpg","type":"image\/jpeg"}],"twitter_card":"summary_large_image","schema":{"@context":"https:\/\/schema.org","@graph":[{"@type":"WebPage","@id":"https:\/\/edde.ca\/fr\/index.php\/contactez-nous\/","url":"https:\/\/edde.ca\/fr\/index.php\/contactez-nous\/","name":"Entrez contact | P\u00e2te d'Amandes Edde Inc.","isPartOf":{"@id":"https:\/\/edde.ca\/fr\/#website"},"datePublished":"2023-09-27T20:18:18+00:00","dateModified":"2026-04-10T17:54:51+00:00","description":"Contactez P\u00e2te d'Amandes Edde Inc. pour obtenir des ingr\u00e9dients de p\u00e2tisseries de haute qualit\u00e9 adapt\u00e9s \u00e0 vos besoins uniques p\u00e2tissiers.","breadcrumb":{"@id":"https:\/\/edde.ca\/fr\/index.php\/contactez-nous\/#breadcrumb"},"inLanguage":"fr-FR","potentialAction":[{"@type":"ReadAction","target":["https:\/\/edde.ca\/fr\/index.php\/contactez-nous\/"]}]},{"@type":"BreadcrumbList","@id":"https:\/\/edde.ca\/fr\/index.php\/contactez-nous\/#breadcrumb","itemListElement":[{"@type":"ListItem","position":1,"name":"Home","item":"https:\/\/edde.ca\/fr\/index.php\/accueil-2\/"},{"@type":"ListItem","position":2,"name":"Contactez-nous"}]},{"@type":"WebSite","@id":"https:\/\/edde.ca\/fr\/#website","url":"https:\/\/edde.ca\/fr\/","name":"Edde Almond Paste Inc. | P\u00e2te d'Amandes Edde Inc.","description":"","publisher":{"@id":"https:\/\/edde.ca\/fr\/#organization"},"potentialAction":[{"@type":"SearchAction","target":{"@type":"EntryPoint","urlTemplate":"https:\/\/edde.ca\/fr\/?s={search_term_string}"},"query-input":{"@type":"PropertyValueSpecification","valueRequired":true,"valueName":"search_term_string"}}],"inLanguage":"fr-FR"},{"@type":"Organization","@id":"https:\/\/edde.ca\/fr\/#organization","name":"Edde Almond Paste Inc.","alternateName":"Edde Almond Paste Inc.","url":"https:\/\/edde.ca\/fr\/","logo":{"@type":"ImageObject","inLanguage":"fr-FR","@id":"https:\/\/edde.ca\/fr\/#\/schema\/logo\/image\/","url":"https:\/\/edde.ca\/wp-content\/uploads\/2023\/09\/Icon.png","contentUrl":"https:\/\/edde.ca\/wp-content\/uploads\/2023\/09\/Icon.png","width":512,"height":512,"caption":"Edde Almond Paste Inc."},"image":{"@id":"https:\/\/edde.ca\/fr\/#\/schema\/logo\/image\/"},"sameAs":["https:\/\/www.facebook.com\/eddealmond\/about\/"],"description":"Edde Almond Paste Inc. is a Canadian food manufacturing company specializing in the production of high-quality almond paste, nut-based fillings for the bakery, confectionery, and foodservice industries. With a strong focus on consistency, food safety, and product performance, Edde Almond Paste Inc. serves industrial, wholesale, and professional customers across Canada and international markets. The company is committed to meeting the highest industry standards and operates in compliance with applicable regulatory and food safety requirements. Edde Almond Paste Inc. emphasizes rigorous quality control, traceability, and reliable supply to support its customers\u2019 production needs. Its product portfolio is developed to deliver dependable texture, flavor, and functionality in a wide range of applications, including pastries, cookies, cakes, chocolates, and specialty desserts. Driven by a customer-focused approach, Edde Almond Paste Inc. collaborates closely with its partners to provide tailored solutions, responsive service, and long-term value. The company combines technical expertise with operational excellence to position itself as a trusted supplier in the nut paste and specialty ingredient sector.","email":"info@edde.ca","telephone":"8196693636","legalName":"Edde Almond Paste Inc.","numberOfEmployees":{"@type":"QuantitativeValue","minValue":"11","maxValue":"50"}}]}},"_links":{"self":[{"href":"https:\/\/edde.ca\/fr\/index.php\/wp-json\/wp\/v2\/pages\/1037","targetHints":{"allow":["GET"]}}],"collection":[{"href":"https:\/\/edde.ca\/fr\/index.php\/wp-json\/wp\/v2\/pages"}],"about":[{"href":"https:\/\/edde.ca\/fr\/index.php\/wp-json\/wp\/v2\/types\/page"}],"author":[{"embeddable":true,"href":"https:\/\/edde.ca\/fr\/index.php\/wp-json\/wp\/v2\/users\/5"}],"replies":[{"embeddable":true,"href":"https:\/\/edde.ca\/fr\/index.php\/wp-json\/wp\/v2\/comments?post=1037"}],"version-history":[{"count":3,"href":"https:\/\/edde.ca\/fr\/index.php\/wp-json\/wp\/v2\/pages\/1037\/revisions"}],"predecessor-version":[{"id":1896,"href":"https:\/\/edde.ca\/fr\/index.php\/wp-json\/wp\/v2\/pages\/1037\/revisions\/1896"}],"wp:attachment":[{"href":"https:\/\/edde.ca\/fr\/index.php\/wp-json\/wp\/v2\/media?parent=1037"}],"curies":[{"name":"wp","href":"https:\/\/api.w.org\/{rel}","templated":true}]}}